{"id":9035,"date":"2014-12-28T03:29:22","date_gmt":"2014-12-28T03:29:22","guid":{"rendered":"http:\/\/absoluteapologetics.com\/?page_id=9035"},"modified":"2015-07-10T14:43:37","modified_gmt":"2015-07-10T14:43:37","slug":"the-proof","status":"publish","type":"page","link":"http:\/\/www.proofthatgodexists.org\/es\/the-proof\/","title":{"rendered":"The Proof"},"content":{"rendered":"\n<div id=\"x-content-band-1\" class=\"x-content-band vc bg-image man\" data-x-element=\"content_band\" data-x-params=\"{&quot;type&quot;:&quot;image&quot;,&quot;parallax&quot;:false}\" style=\"background-image: url(http:\/\/www.proofthatgodexists.org\/es\/wp-content\/uploads\/sites\/12\/2014\/12\/1000x225.jpg); background-color: transparent; padding-top: 0px; padding-bottom: 0px;\"><div class=\"x-container wpb_row\">\n<div  class=\"x-column x-sm vc x-1-1\" style=\"\"  ><h1  class=\"h-custom-headline emboss-font h1\" style=\"margin-top:1.5em; margin-bottom: 0em; font-size:75%;\"><span>\n<h1 style=\"text-align: center;\"><span style=\"color: #ff9900;\"><span style=\"color: #202020;\">La prueba de que Dios existe es que sin \u00c9l no podr\u00edas comprobar nada!<br \/>\n<\/span><\/span><\/h1>\n<\/span><\/h1><\/div><\/div><\/div>\n<div id=\"x-content-band-2\" class=\"x-content-band vc man\" style=\"background-color: transparent; padding-top: 0px; padding-bottom: 0px;\"><div class=\"x-container wpb_row\">\n<div  class=\"x-column x-sm vc x-1-1\" style=\"\"  ><a  class=\"x-img centered-image  x-img-link x-img-none none\" style=\"margin-top: 2em; margin-bottom: 0em; border-radius: 40px;\" href=\"http:\/\/www.proofthatgodexists.org\/es\/believe\/\" title=\"Continue\"    data-options=\"thumbnail: 'http:\/\/www.proofthatgodexists.org\/es\/wp-content\/uploads\/sites\/12\/2015\/07\/continue-ind.png'\"><img src=\"http:\/\/www.proofthatgodexists.org\/es\/wp-content\/uploads\/sites\/12\/2015\/07\/continue-ind.png\" ><\/a><div  class=\"x-container max width\" ><\/p>\n<p>Verdad, conocimiento y l\u00f3gica son todos necesarios para comprobar cualquier cosa, t\u00fa asumiste y admitiste todas ellas al llegar a esta prueba.<\/p>\n<p>Aunque puedes intentar justificar la verdad, el conocimiento y la l\u00f3gica sin Dios, el resto del sitio web revelar\u00e1 tu incapacidad de hacerlo y a la justificacion cristiana de \u00e9stos con Dios.<\/p>\n<p>Aunque esta prueba es una prueba \u201ctrascendental\u201d v\u00e1lida (una que trata bajo la necesidad de las precondiciones), nadie la necesita. La Biblia nos ense\u00f1a que hay dos tipos de personas en este mundo, aquellos que profesan la verdad de la existencia de Dios y aquellos que la ocultan. Las opciones \u2018buscar\u2019 a Dios, y no creer en Dios, no est\u00e1n disponibles. La Biblia nunca trata de probar la existencia de Dios ya que declara que aquellos que lo niegan &#8220;no tienen excusa\u201d por negar lo que \u00c9l ya les ha revelado.<br \/>\nRomanos 1:18-21 dice as\u00ed:<\/p>\n<p style=\"padding-left: 30px; text-align: justify;\"><em>Porque la ira de Dios se revela desde el cielo contra toda impiedad e injusticia de los hombres que detienen con injusticia la verdad; porque lo que de Dios se conoce les es manifiesto, pues Dios se lo manifest\u00f3. Porque las cosas invisibles de \u00e9l, su eterno poder y deidad, se hacen claramente visibles desde la creaci\u00f3n del mundo, siendo entendidas por medio de las cosas hechas, de modo que no tienen excusa. Pues habiendo conocido a Dios, no le glorificaron como a Dios, ni le dieron gracias, sino que se envanecieron en sus razonamientos, y su necio coraz\u00f3n fue entenebrecido.<\/em><\/p>\n<p>Dios no env\u00eda personas al Infierno por negar lo que no saben, sino por el pecado en contra del Dios que ellos saben que existe.<\/p>\n<p><hr  class=\"x-gap\" style=\"margin: 30px 0 0 0;\"><\/div>\n<\/div><\/div><\/div>\n<div id=\"x-content-band-3\" class=\"x-content-band vc no-background-mobile bg-image man\" data-x-element=\"content_band\" data-x-params=\"{&quot;type&quot;:&quot;image&quot;,&quot;parallax&quot;:false}\" style=\"background-image: url(http:\/\/www.proofthatgodexists.org\/es\/wp-content\/uploads\/sites\/12\/2015\/01\/1000x100.jpg); background-color: transparent; padding-top: 0px; padding-bottom: 0px;\"><div class=\"x-container max width wpb_row\">\n<div  class=\"x-column x-sm vc x-1-1\" style=\"\"  ><img  class=\"x-img centered-image x-img-none none\" style=\"margin-top: 1.5em; margin-bottom: 1.5em;\" src=\"http:\/\/www.proofthatgodexists.org\/es\/wp-content\/uploads\/sites\/12\/2014\/12\/fish68.png\" ><\/div><\/div><\/div>\n<div id=\"x-content-band-4\" class=\"x-content-band vc\" style=\"background-color: transparent;\"><div class=\"x-container wpb_row\">\n<div  class=\"x-column x-sm vc x-1-1\" style=\"\"  ><hr  class=\"x-gap\" style=\"margin: 1em 0 0 0;\"><\/div><\/div><\/div>\n","protected":false},"excerpt":{"rendered":"La prueba de que Dios existe es que sin \u00c9l no podr\u00edas comprobar nada! Verdad, conocimiento y l\u00f3gica son todos necesarios para comprobar cualquier cosa, t\u00fa asumiste y admitiste todas ellas al llegar a esta prueba. Aunque puedes intentar justificar la verdad, el conocimiento y la l\u00f3gica sin Dios, el resto del sitio web revelar\u00e1 tu incapacidad de hacerlo y ... <div><a href=\"http:\/\/www.proofthatgodexists.org\/es\/the-proof\/\" class=\"more-link\">Read More<\/a><\/div>","protected":false},"author":1,"featured_media":0,"parent":0,"menu_order":1021,"comment_status":"closed","ping_status":"closed","template":"template-blank-4.php","meta":[],"_links":{"self":[{"href":"http:\/\/www.proofthatgodexists.org\/es\/wp-json\/wp\/v2\/pages\/9035"}],"collection":[{"href":"http:\/\/www.proofthatgodexists.org\/es\/wp-json\/wp\/v2\/pages"}],"about":[{"href":"http:\/\/www.proofthatgodexists.org\/es\/wp-json\/wp\/v2\/types\/page"}],"author":[{"embeddable":true,"href":"http:\/\/www.proofthatgodexists.org\/es\/wp-json\/wp\/v2\/users\/1"}],"replies":[{"embeddable":true,"href":"http:\/\/www.proofthatgodexists.org\/es\/wp-json\/wp\/v2\/comments?post=9035"}],"version-history":[{"count":1,"href":"http:\/\/www.proofthatgodexists.org\/es\/wp-json\/wp\/v2\/pages\/9035\/revisions"}],"predecessor-version":[{"id":11331,"href":"http:\/\/www.proofthatgodexists.org\/es\/wp-json\/wp\/v2\/pages\/9035\/revisions\/11331"}],"wp:attachment":[{"href":"http:\/\/www.proofthatgodexists.org\/es\/wp-json\/wp\/v2\/media?parent=9035"}],"curies":[{"name":"wp","href":"https:\/\/api.w.org\/{rel}","templated":true}]}}