{"id":8798,"date":"2014-12-26T21:07:31","date_gmt":"2014-12-26T21:07:31","guid":{"rendered":"http:\/\/absoluteapologetics.com\/?page_id=8798"},"modified":"2015-07-10T04:28:00","modified_gmt":"2015-07-10T04:28:00","slug":"logic","status":"publish","type":"page","link":"http:\/\/www.proofthatgodexists.org\/es\/logic\/","title":{"rendered":"Logic"},"content":{"rendered":"\n<div id=\"x-content-band-1\" class=\"x-content-band vc bg-image man\" data-x-element=\"content_band\" data-x-params=\"{&quot;type&quot;:&quot;image&quot;,&quot;parallax&quot;:false}\" style=\"background-image: url(http:\/\/www.proofthatgodexists.org\/es\/wp-content\/uploads\/sites\/12\/2015\/01\/1000x100.jpg); background-color: transparent; padding-top: 0px; padding-bottom: 0px;\"><div class=\"x-container wpb_row\">\n<div  class=\"x-column x-sm vc x-1-1\" style=\"\"  ><h1  class=\"h-custom-headline emboss-font h1\" style=\"margin-top: 1.9em; margin-bottom: -.35em; font-size: 75%;\"><span>\n<h1 style=\"text-align: center;\"><span style=\"color: #ff9900;\"><span style=\"color: #333333;\">La l\u00f3gica<\/span> <\/span><\/h1>\n<\/span><\/h1><\/div><\/div><\/div>\n<div id=\"x-content-band-2\" class=\"x-content-band vc no-background-mobile bg-image man\" data-x-element=\"content_band\" data-x-params=\"{&quot;type&quot;:&quot;image&quot;,&quot;parallax&quot;:false}\" style=\"background-image: url(http:\/\/www.proofthatgodexists.org\/es\/wp-content\/uploads\/sites\/12\/2014\/12\/1000x234.jpg); background-color: transparent; padding-top: 0px; padding-bottom: 0px;\"><div class=\"x-container wpb_row\">\n<div  class=\"x-column x-sm vc x-1-1\" style=\"padding: 5px 0px;\"  ><div  class=\"x-visibility x-visible-desktop\" ><img  class=\"x-img black_bg2 x-img-none none\" style=\"position: absolute; left: 50%; width: 448px; margin-top: -3px; margin-bottom: 0px; margin-left: -224px;\" src=\"http:\/\/www.proofthatgodexists.org\/es\/wp-content\/uploads\/sites\/12\/2015\/01\/1x2.png\" ><\/div><ul  class=\"x-block-grid two-up\" style=\"margin-top: .18em; margin-left: -.5em;\"><li  class=\"x-block-grid-item\" ><a  class=\"x-img button-1 x-img-link x-img-none right\" style=\"max-width:100%;\" href=\"http:\/\/www.proofthatgodexists.org\/es\/universal\/\"     data-options=\"thumbnail: 'http:\/\/www.proofthatgodexists.org\/es\/wp-content\/uploads\/sites\/12\/2015\/07\/le.png'\"><img src=\"http:\/\/www.proofthatgodexists.org\/es\/wp-content\/uploads\/sites\/12\/2015\/07\/le.png\" alt=\"La L\u00f3gica Existes\"><\/a><\/li><li  class=\"x-block-grid-item\" ><a  class=\"x-img button-1 x-img-link x-img-none left\" style=\"max-width:100%;\" href=\"http:\/\/www.proofthatgodexists.org\/es\/does-not-logic\/\"     data-options=\"thumbnail: 'http:\/\/www.proofthatgodexists.org\/es\/wp-content\/uploads\/sites\/12\/2015\/07\/ldne.png'\"><img src=\"http:\/\/www.proofthatgodexists.org\/es\/wp-content\/uploads\/sites\/12\/2015\/07\/ldne.png\" alt=\"La L\u00f3gica No Existe\"><\/a><\/li><\/ul><\/div><\/div><\/div>\n<div id=\"x-content-band-3\" class=\"x-content-band vc bg-image man\" data-x-element=\"content_band\" data-x-params=\"{&quot;type&quot;:&quot;image&quot;,&quot;parallax&quot;:false}\" style=\"background-image: url(http:\/\/www.proofthatgodexists.org\/es\/wp-content\/uploads\/sites\/12\/2015\/01\/1000x100.jpg); background-color: transparent; padding-top: 0px; padding-bottom: 0px;\"><div class=\"x-container wpb_row\">\n<div  class=\"x-column x-sm vc x-1-1\" style=\"\"  ><h1  class=\"h-custom-headline emboss-font h1\" style=\"margin-top: 3em; margin-bottom: 4em; font-size:55%; \"><span>\n<h1 style=\"text-align: center;\"><span style=\"color: #ff9900;\"><span style=\"color: #202020;\">\u00bfQu\u00e9 crees tu?<\/span> <\/span><\/h1>\n<\/span><\/h1><\/div><\/div><\/div>\n<div id=\"x-content-band-4\" class=\"x-content-band vc no-background-mobile man\" style=\"background-color: transparent; padding-top: 0px; padding-bottom: 0px; height: 100%;\"><div class=\"x-container wpb_row\">\n<div  class=\"x-column x-sm vc x-1-1\" style=\"\"  ><div  class=\"x-container max width\" ><\/p>\n<p style=\"text-align: justify;\">Has reconocido que verdad absoluta existe y que sabes de algunas cosas que son verdad. El pr\u00f3ximo paso hacia la prueba de que Dios existe es determinar si crees que la l\u00f3gica existe. La prueba l\u00f3gica ser\u00eda irrelevante a alguien que niega que la l\u00f3gica exista. Un ejemplo de una ley de la l\u00f3gica es la ley de la no contradicci\u00f3n. \u00c9sta ley establece, por ejemplo, que no puede ser verdad que mi carro est\u00e9 en el estacionamiento y que no lo est\u00e9 al mismo tiempo y de la misma manera.<\/p>\n<p><\/div>\n<hr  class=\"x-gap\" style=\"margin: 1.5em 0 0 0;\"><\/div><\/div><\/div>\n<div id=\"x-content-band-5\" class=\"x-content-band vc no-background-mobile bg-image man\" data-x-element=\"content_band\" data-x-params=\"{&quot;type&quot;:&quot;image&quot;,&quot;parallax&quot;:false}\" style=\"background-image: url(http:\/\/www.proofthatgodexists.org\/es\/wp-content\/uploads\/sites\/12\/2015\/01\/1000x100.jpg); background-color: transparent; padding-top: 0px; padding-bottom: 0px;\"><div class=\"x-container max width wpb_row\">\n<div  class=\"x-column x-sm vc x-1-1\" style=\"\"  ><img  class=\"x-img centered-image x-img-none none\" style=\"margin-top: 1.5em; margin-bottom: 1.5em;\" src=\"http:\/\/www.proofthatgodexists.org\/es\/wp-content\/uploads\/sites\/12\/2014\/12\/fish68.png\" ><\/div><\/div><\/div>\n<div id=\"x-content-band-6\" class=\"x-content-band vc\" style=\"background-color: transparent;\"><div class=\"x-container wpb_row\">\n<div  class=\"x-column x-sm vc x-1-1\" style=\"\"  ><hr  class=\"x-gap\" style=\"margin: 11em 0 0 0;\"><\/div><\/div><\/div>\n","protected":false},"excerpt":{"rendered":"La l\u00f3gica \u00bfQu\u00e9 crees tu? Has reconocido que verdad absoluta existe y que sabes de algunas cosas que son verdad. El pr\u00f3ximo paso hacia la prueba de que Dios existe es determinar si crees que la l\u00f3gica existe. La prueba l\u00f3gica ser\u00eda irrelevante a alguien que niega que la l\u00f3gica exista. Un ejemplo de una ley de la l\u00f3gica es ... <div><a href=\"http:\/\/www.proofthatgodexists.org\/es\/logic\/\" class=\"more-link\">Read More<\/a><\/div>","protected":false},"author":1,"featured_media":0,"parent":0,"menu_order":1008,"comment_status":"closed","ping_status":"closed","template":"template-blank-4.php","meta":[],"_links":{"self":[{"href":"http:\/\/www.proofthatgodexists.org\/es\/wp-json\/wp\/v2\/pages\/8798"}],"collection":[{"href":"http:\/\/www.proofthatgodexists.org\/es\/wp-json\/wp\/v2\/pages"}],"about":[{"href":"http:\/\/www.proofthatgodexists.org\/es\/wp-json\/wp\/v2\/types\/page"}],"author":[{"embeddable":true,"href":"http:\/\/www.proofthatgodexists.org\/es\/wp-json\/wp\/v2\/users\/1"}],"replies":[{"embeddable":true,"href":"http:\/\/www.proofthatgodexists.org\/es\/wp-json\/wp\/v2\/comments?post=8798"}],"version-history":[{"count":1,"href":"http:\/\/www.proofthatgodexists.org\/es\/wp-json\/wp\/v2\/pages\/8798\/revisions"}],"predecessor-version":[{"id":11302,"href":"http:\/\/www.proofthatgodexists.org\/es\/wp-json\/wp\/v2\/pages\/8798\/revisions\/11302"}],"wp:attachment":[{"href":"http:\/\/www.proofthatgodexists.org\/es\/wp-json\/wp\/v2\/media?parent=8798"}],"curies":[{"name":"wp","href":"https:\/\/api.w.org\/{rel}","templated":true}]}}