{"id":10244,"date":"2015-01-08T02:27:36","date_gmt":"2015-01-08T02:27:36","guid":{"rendered":"http:\/\/absoluteapologetics.com\/?page_id=10244"},"modified":"2019-11-29T20:50:53","modified_gmt":"2019-11-29T20:50:53","slug":"donate","status":"publish","type":"page","link":"http:\/\/www.proofthatgodexists.org\/es\/donate\/","title":{"rendered":"Donate"},"content":{"rendered":"\n<div id=\"x-content-band-1\" class=\"x-content-band vc bg-image man\" data-x-element=\"content_band\" data-x-params=\"{&quot;type&quot;:&quot;image&quot;,&quot;parallax&quot;:false}\" style=\"background-image: url(http:\/\/www.proofthatgodexists.org\/es\/wp-content\/uploads\/sites\/12\/2015\/01\/1000x100.jpg); background-color: transparent; padding-top: 0px; padding-bottom: 0px;\"><div class=\"x-container wpb_row\">\n<div  class=\"x-column x-sm vc x-1-1\" style=\"\"  ><h1  class=\"h-custom-headline emboss-font h1\" style=\"margin-top: 1.9em; margin-bottom: -.25em; font-size: 75%;\"><span>\n<h1 style=\"text-align: center;\"><span style=\"color: #ff9900;\"><span style=\"color: #333333;\">Donar<\/span><br \/>\n<\/span><\/h1>\n<\/span><\/h1><\/div><\/div><\/div>\n<div id=\"x-content-band-2\" class=\"x-content-band vc\" style=\"background-color: transparent;\"><div class=\"x-container wpb_row\">\n<div  class=\"x-column x-sm vc x-1-1\" style=\"\"  ><hr  class=\"x-gap\" style=\"margin: -1.5em 0 0 0;\"><img  class=\"x-img x-img-none right\" style=\"margin-top: -1em;\" src=\"http:\/\/www.proofthatgodexists.org\/es\/wp-content\/uploads\/sites\/12\/2015\/01\/donate-icon.png\" ><p style=\"text-align: justify;\">En mayo de 2008, Sye renuncio a su trabajo para continuar este ministerio de apolog\u00e9tica a tiempo completo, el cual es apoyado en su mayor\u00eda por las donaciones generosas de personas como t\u00fa. <strong> <span style=\"color: #ffffff;\">Este ministerio no es una organizaci\u00f3n de caridad<\/span> <\/strong>, para quitarle esa v\u00eda al gobierno, con su incremento de ataques en contra de instituciones cristianas para controlar su contenido.<\/p>\n<p style=\"text-align: justify;\">Si has sido bendecido por este ministerio, por favor considera donar.<\/p>\n<p style=\"text-align: center;\"><span style=\"color: #ffffff;\">Las donaciones pueden ser enviadas a:<br \/>\nSye Ten Bruggencate<br \/>\n3458 Pigram Rd. RR#1<br \/>\nSalford, Ontario<br \/>\nN0J 1W0<br \/>\nCanada<br \/>\n(Por favor haga cheques a nombre de: Sye TenBruggencate).<\/span><\/p>\n<p><span style=\"color: #ffffff;\"><strong>Paypal<\/strong><\/span>: Debido a la angustia involucrada con organizaciones no-caritativas que reciben donaciones directamente a trav\u00e9s de PayPal, el bot\u00f3n para donar ha sido quitado de este sitio. Sin embargo, la cuenta (<span style=\"color: #ffffff;\"><strong>contact@proofthatgodexists.org<\/strong><\/span>) sigue activa.<\/p>\n<\/div><\/div><\/div>\n<div id=\"x-content-band-3\" class=\"x-content-band vc no-background-mobile bg-image man\" data-x-element=\"content_band\" data-x-params=\"{&quot;type&quot;:&quot;image&quot;,&quot;parallax&quot;:false}\" style=\"background-image: url(http:\/\/www.proofthatgodexists.org\/es\/wp-content\/uploads\/sites\/12\/2015\/01\/1000x100.jpg); background-color: transparent; padding-top: 0px; padding-bottom: 0px;\"><div class=\"x-container max width wpb_row\">\n<div  class=\"x-column x-sm vc x-1-1\" style=\"\"  ><img  class=\"x-img centered-image x-img-none none\" style=\"margin-top: 2em; margin-bottom: 1.5em;\" src=\"http:\/\/www.proofthatgodexists.org\/es\/wp-content\/uploads\/sites\/12\/2014\/12\/fish68.png\" ><\/div><\/div><\/div>\n","protected":false},"excerpt":{"rendered":"Donar En mayo de 2008, Sye renuncio a su trabajo para continuar este ministerio de apolog\u00e9tica a tiempo completo, el cual es apoyado en su mayor\u00eda por las donaciones generosas de personas como t\u00fa. Este ministerio no es una organizaci\u00f3n de caridad , para quitarle esa v\u00eda al gobierno, con su incremento de ataques en contra de instituciones cristianas para ... <div><a href=\"http:\/\/www.proofthatgodexists.org\/es\/donate\/\" class=\"more-link\">Read More<\/a><\/div>","protected":false},"author":1,"featured_media":0,"parent":0,"menu_order":1060,"comment_status":"closed","ping_status":"closed","template":"template-blank-4.php","meta":[],"_links":{"self":[{"href":"http:\/\/www.proofthatgodexists.org\/es\/wp-json\/wp\/v2\/pages\/10244"}],"collection":[{"href":"http:\/\/www.proofthatgodexists.org\/es\/wp-json\/wp\/v2\/pages"}],"about":[{"href":"http:\/\/www.proofthatgodexists.org\/es\/wp-json\/wp\/v2\/types\/page"}],"author":[{"embeddable":true,"href":"http:\/\/www.proofthatgodexists.org\/es\/wp-json\/wp\/v2\/users\/1"}],"replies":[{"embeddable":true,"href":"http:\/\/www.proofthatgodexists.org\/es\/wp-json\/wp\/v2\/comments?post=10244"}],"version-history":[{"count":1,"href":"http:\/\/www.proofthatgodexists.org\/es\/wp-json\/wp\/v2\/pages\/10244\/revisions"}],"predecessor-version":[{"id":11455,"href":"http:\/\/www.proofthatgodexists.org\/es\/wp-json\/wp\/v2\/pages\/10244\/revisions\/11455"}],"wp:attachment":[{"href":"http:\/\/www.proofthatgodexists.org\/es\/wp-json\/wp\/v2\/media?parent=10244"}],"curies":[{"name":"wp","href":"https:\/\/api.w.org\/{rel}","templated":true}]}}