{"id":10228,"date":"2015-01-08T01:57:05","date_gmt":"2015-01-08T01:57:05","guid":{"rendered":"http:\/\/absoluteapologetics.com\/?page_id=10228"},"modified":"2018-07-28T17:40:55","modified_gmt":"2018-07-28T17:40:55","slug":"about-sye","status":"publish","type":"page","link":"http:\/\/www.proofthatgodexists.org\/es\/about-sye\/","title":{"rendered":"About Sye"},"content":{"rendered":"\n<div id=\"x-content-band-1\" class=\"x-content-band vc bg-image man\" data-x-element=\"content_band\" data-x-params=\"{&quot;type&quot;:&quot;image&quot;,&quot;parallax&quot;:false}\" style=\"background-image: url(http:\/\/www.proofthatgodexists.org\/es\/wp-content\/uploads\/sites\/12\/2015\/01\/1000x100.jpg); background-color: transparent; padding-top: 0px; padding-bottom: 0px;\"><div class=\"x-container wpb_row\">\n<div  class=\"x-column x-sm vc x-1-1\" style=\"\"  ><h1  class=\"h-custom-headline emboss-font h1\" style=\"margin-top: 1.9em; margin-bottom: -.25em; font-size: 75%;\"><span>\n<h1 style=\"text-align: center;\"><span style=\"color: #ff9900;\"><span style=\"color: #333333;\">Acerca de Sye<\/span><br \/>\n<\/span><\/h1>\n<\/span><\/h1><\/div><\/div><\/div>\n<div id=\"x-content-band-2\" class=\"x-content-band vc\" style=\"background-color: transparent;\"><div class=\"x-container wpb_row\">\n<div  class=\"x-column x-sm vc x-1-1\" style=\"\"  ><img  class=\"x-img x-img-none right\"  src=\"http:\/\/www.proofthatgodexists.org\/es\/wp-content\/uploads\/sites\/12\/2014\/12\/Syefs-e1419915361661.jpg\" ><p>Sye Ten Bruggencate naci\u00f3 y se cri\u00f3 en Toronto, Ontario, Canad\u00e1, y ahora reside en Dochester, Ontario. Creci\u00f3 en un hogar Cristiano amoroso, y es el 5to mayor de 7 hijos. Sus padres emigraron de Holanda, (su padre era originario de una colonia holandesa en Indonesia) y puede hablar holand\u00e9s con fluidez.<\/p>\n<p>A lo largo de su vida, Sye sent\u00eda la necesidad de compartir su fe. Mientras que la evidencias y testimonios son \u00fatiles en compartir la fe, Sye descubri\u00f3 que eran inadecuadas para la defensa de la fe de uno (apolog\u00e9tica). Aprendi\u00f3 que intentar dar evidencia o compartir testimonios emocionales a personas que declaran no tener suficiente evidencia para creer en Dios, es ser enga\u00f1ado por ellos.<\/p>\n<p>Fue hasta que escuch\u00f3 el debate entre el Dr. Greg Bahnsen y el Dr. Gordon Stein (llamado \u201cel Gran Debate\u201d), que Sye fue introducido al mundo de la \u201capolog\u00e9tica presuposicional.\u201d Muchos de sus estudios en apolog\u00e9tica han sido a trav\u00e9s de presentaciones de audio del ya difunto Dr. Bahnsen.<\/p>\n<p>En junio del 2006, Sye public\u00f3 esta p\u00e1gina, y en mayo del 2008, viendo un incremento en la necesidad de una apolog\u00e9tica b\u00edblica, Sye dej\u00f3 su trabajo como Ingeniero de Estaci\u00f3n en la industria automotriz para poder ense\u00f1ar apolog\u00e9tica a tiempo completo.<\/p>\n<p>Mientras que ha abordado, y sigue abordando en las calles y en debates formales a aquellos que profesan ser incr\u00e9dulos, Sye ahora dirije sus esfuerzos principalmente a equipar a cristianos para defender su fe.<\/p>\n<p>En abril del 2013, Sye public\u00f3 un video <a href=\"https:\/\/youtu.be\/aQKjUzotw_Y\" target=\"_blank\">\u201cHow To Answer The Fool\u201d<\/a> (\u201cComo responder al Necio\u201d), y en febrero del 2015 public\u00f3 el video<a href=\"https:\/\/youtu.be\/yWVbSEI8mZge\" target=\"_blank\"> \u201cDebating Dillahunty\u201d<\/a> (Debatiendo a Dillahunty). \u00c9l ha ense\u00f1ado sobre este tema en Norteam\u00e9rica y en el Reino Unido. P\u00f3ngase en <a href=\"http:\/\/www.proofthatgodexists.org\/es\/contact\/\" target=\"_blank\">contacto con Sye<\/a> para organizar una charla en tu ciudad.<\/p>\n<p>Sye es miembro de la Associate Reformed Presbyterian Church (Iglesia Reformada Presbiteriana en espa\u00f1ol). Por la gracia de Dios solamente, el es cristiano.<\/p>\n<\/div><\/div><\/div>\n<div id=\"x-content-band-3\" class=\"x-content-band vc no-background-mobile bg-image man\" data-x-element=\"content_band\" data-x-params=\"{&quot;type&quot;:&quot;image&quot;,&quot;parallax&quot;:false}\" style=\"background-image: url(http:\/\/www.proofthatgodexists.org\/es\/wp-content\/uploads\/sites\/12\/2015\/01\/1000x100.jpg); background-color: transparent; padding-top: 0px; padding-bottom: 0px;\"><div class=\"x-container max width wpb_row\">\n<div  class=\"x-column x-sm vc x-1-1\" style=\"\"  ><img  class=\"x-img centered-image x-img-none none\" style=\"margin-top: 2em; margin-bottom: 1.5em;\" src=\"http:\/\/www.proofthatgodexists.org\/es\/wp-content\/uploads\/sites\/12\/2014\/12\/fish68.png\" ><\/div><\/div><\/div>\n","protected":false},"excerpt":{"rendered":"Acerca de Sye Sye Ten Bruggencate naci\u00f3 y se cri\u00f3 en Toronto, Ontario, Canad\u00e1, y ahora reside en Dochester, Ontario. Creci\u00f3 en un hogar Cristiano amoroso, y es el 5to mayor de 7 hijos. Sus padres emigraron de Holanda, (su padre era originario de una colonia holandesa en Indonesia) y puede hablar holand\u00e9s con fluidez. A lo largo de su ... <div><a href=\"http:\/\/www.proofthatgodexists.org\/es\/about-sye\/\" class=\"more-link\">Read More<\/a><\/div>","protected":false},"author":1,"featured_media":0,"parent":0,"menu_order":1056,"comment_status":"closed","ping_status":"closed","template":"template-blank-4.php","meta":[],"_links":{"self":[{"href":"http:\/\/www.proofthatgodexists.org\/es\/wp-json\/wp\/v2\/pages\/10228"}],"collection":[{"href":"http:\/\/www.proofthatgodexists.org\/es\/wp-json\/wp\/v2\/pages"}],"about":[{"href":"http:\/\/www.proofthatgodexists.org\/es\/wp-json\/wp\/v2\/types\/page"}],"author":[{"embeddable":true,"href":"http:\/\/www.proofthatgodexists.org\/es\/wp-json\/wp\/v2\/users\/1"}],"replies":[{"embeddable":true,"href":"http:\/\/www.proofthatgodexists.org\/es\/wp-json\/wp\/v2\/comments?post=10228"}],"version-history":[{"count":2,"href":"http:\/\/www.proofthatgodexists.org\/es\/wp-json\/wp\/v2\/pages\/10228\/revisions"}],"predecessor-version":[{"id":11452,"href":"http:\/\/www.proofthatgodexists.org\/es\/wp-json\/wp\/v2\/pages\/10228\/revisions\/11452"}],"wp:attachment":[{"href":"http:\/\/www.proofthatgodexists.org\/es\/wp-json\/wp\/v2\/media?parent=10228"}],"curies":[{"name":"wp","href":"https:\/\/api.w.org\/{rel}","templated":true}]}}