{"id":10179,"date":"2015-01-08T00:04:15","date_gmt":"2015-01-08T00:04:15","guid":{"rendered":"http:\/\/absoluteapologetics.com\/?page_id=10179"},"modified":"2015-07-09T19:37:25","modified_gmt":"2015-07-09T19:37:25","slug":"about-site","status":"publish","type":"page","link":"http:\/\/www.proofthatgodexists.org\/es\/about-site\/","title":{"rendered":"About This Site"},"content":{"rendered":"\n<div id=\"x-content-band-1\" class=\"x-content-band vc bg-image man\" data-x-element=\"content_band\" data-x-params=\"{&quot;type&quot;:&quot;image&quot;,&quot;parallax&quot;:false}\" style=\"background-image: url(http:\/\/www.proofthatgodexists.org\/es\/wp-content\/uploads\/sites\/12\/2015\/01\/1000x100.jpg); background-color: transparent; padding-top: 0px; padding-bottom: 0px;\"><div class=\"x-container wpb_row\">\n<div  class=\"x-column x-sm vc x-1-1\" style=\"\"  ><h1  class=\"h-custom-headline emboss-font h1\" style=\"margin-top: 1.9em; margin-bottom: -.25em; font-size: 75%;\"><span>\n<h1 style=\"text-align: center;\"><span style=\"color: #ff9900;\"><span style=\"color: #333333;\">Sobre este sitio<\/span><br \/>\n<\/span><\/h1>\n<\/span><\/h1><\/div><\/div><\/div>\n<div id=\"x-content-band-2\" class=\"x-content-band vc\" style=\"background-color: transparent;\"><div class=\"x-container wpb_row\">\n<div  class=\"x-column x-sm vc x-1-1\" style=\"\"  ><hr  class=\"x-gap\" style=\"margin: -1.5em 0 0 0;\"><img  class=\"x-img x-img-none right\" style=\"margin-top: -1em;\" src=\"http:\/\/www.proofthatgodexists.org\/es\/wp-content\/uploads\/sites\/12\/2015\/01\/info-icon.png\" ><p>Dios no est\u00e1 en juicio.<\/p>\n<p>Qu\u00e9 locura ser\u00eda decirle al creador del universo, \u201cpru\u00e9bame que existes, y me postrar\u00e9 a adorarte,\u201d o en otras palabras, \u201ctienes que inclinarte a mis t\u00e9rminos, para que yo me postre ante los tuyos.\u201d Algunas personas quieren SER Dios en vez de someterse a \u00c9l.<\/p>\n<p>Nadie necesita argumentos para la existencia de Dios. Nadie necesita pruebas de que Dios existe. La Biblia ense\u00f1a que aquellos que dicen que Dios no existe, est\u00e1n meramente suprimiendo lo que ya saben que es verdad.<\/p>\n<p style=\"padding-left: 30px;\"><em>&#8220;Pues habiendo conocido a Dios, no le glorificaron como a Dios, ni le dieron gracias, sino que se envanecieron en sus razonamientos, y su necio coraz\u00f3n fue entenebrecido.&#8221;<\/em> (Romanos 1 vs. 21)<\/p>\n<p>Toda su vida, Sye ha sentido una necesidad de compartir su fe. \u00c9l antes pensaba que d\u00e1ndole evidencia a las personas, o decirles lo que su fe le significaba, era la mejor manera de hacerlo. Por la gracia de Dios, se dio cuenta que estaba equivocado. Se dio cuenta que tratar de dar evidencia, o dar testimonios emocionales a personas que dicen no tener razones para creer en Dios, es dejarse ser enga\u00f1ado por ellos.<\/p>\n<p>Contrario a lo que puede parecer, este sitio web de ninguna manera est\u00e1 tratando de comprobar de que Dios existe. La prueba de que Dios existe ofrecida aqu\u00ed, no est\u00e1 puesta con la intenci\u00f3n de satisfacer las demandas de aquellos que ponen a Dios en juicio, sino de revelar la supresi\u00f3n de la verdad.<\/p>\n<p>La intenci\u00f3n de este sitio web es ser fiel a lo que la Biblia ense\u00f1a sobre \u201cdar una raz\u00f3n de la esperanza que tienes\u201d (1 Pedro 3:15) al demostrar que las personas no pueden dar cuentas de nada de lo que saben sin Dios, y proclamar el evangelio de Jesucristo.<\/p>\n<p>Es anhelado que Dios use este sitio web para ayudar a aquellos que profesan ser no creyentes a admitir lo que ellos ya saben, que Dios existe, que est\u00e1n bajo la ira de Dios, y que est\u00e1n tratando de escapar su responsabilidad ante \u00c9l. Que Dios tambi\u00e9n use este sitio para guiar a estas personas al arrepentimiento de sus pecados y que acepten el regalo de la salvaci\u00f3n a trav\u00e9s de Su Hijo Jesucristo, quien muri\u00f3 y resucit\u00f3, para que tengan vida, y la tengan en abundancia.<\/p>\n<p>Tambi\u00e9n es anhelado que Dios use este sitio web para fortalecer la fe de los Cristianos, y ayudarles en su diario vivir.<\/p>\n<p>Si son tra\u00eddos m\u00e1s cerca a Dios a causa de este sitio, es por la gracia de Dios solamente.<\/p>\n<p>Cualquier virtud de este sitio es de Dios, y cualquier error es propio a mi persona.<\/p>\n<hr  class=\"x-hr\" style=\"box-shadow: 0px 1px 1px #313131;\"><p class=\"center\" style=\"text-align: center;\">Sitio publicado por primera vez el 2 de junio del 2006<\/p>\n<\/div><\/div><\/div>\n<div id=\"x-content-band-3\" class=\"x-content-band vc no-background-mobile bg-image man\" data-x-element=\"content_band\" data-x-params=\"{&quot;type&quot;:&quot;image&quot;,&quot;parallax&quot;:false}\" style=\"background-image: url(http:\/\/www.proofthatgodexists.org\/es\/wp-content\/uploads\/sites\/12\/2015\/01\/1000x100.jpg); background-color: transparent; padding-top: 0px; padding-bottom: 0px;\"><div class=\"x-container max width wpb_row\">\n<div  class=\"x-column x-sm vc x-1-1\" style=\"\"  ><img  class=\"x-img centered-image x-img-none none\" style=\"margin-top: 2em; margin-bottom: 1.5em;\" src=\"http:\/\/www.proofthatgodexists.org\/es\/wp-content\/uploads\/sites\/12\/2014\/12\/fish68.png\" ><\/div><\/div><\/div>\n","protected":false},"excerpt":{"rendered":"Sobre este sitio Dios no est\u00e1 en juicio. Qu\u00e9 locura ser\u00eda decirle al creador del universo, \u201cpru\u00e9bame que existes, y me postrar\u00e9 a adorarte,\u201d o en otras palabras, \u201ctienes que inclinarte a mis t\u00e9rminos, para que yo me postre ante los tuyos.\u201d Algunas personas quieren SER Dios en vez de someterse a \u00c9l. Nadie necesita argumentos para la existencia de ... <div><a href=\"http:\/\/www.proofthatgodexists.org\/es\/about-site\/\" class=\"more-link\">Read More<\/a><\/div>","protected":false},"author":1,"featured_media":0,"parent":0,"menu_order":1055,"comment_status":"closed","ping_status":"closed","template":"template-blank-4.php","meta":[],"_links":{"self":[{"href":"http:\/\/www.proofthatgodexists.org\/es\/wp-json\/wp\/v2\/pages\/10179"}],"collection":[{"href":"http:\/\/www.proofthatgodexists.org\/es\/wp-json\/wp\/v2\/pages"}],"about":[{"href":"http:\/\/www.proofthatgodexists.org\/es\/wp-json\/wp\/v2\/types\/page"}],"author":[{"embeddable":true,"href":"http:\/\/www.proofthatgodexists.org\/es\/wp-json\/wp\/v2\/users\/1"}],"replies":[{"embeddable":true,"href":"http:\/\/www.proofthatgodexists.org\/es\/wp-json\/wp\/v2\/comments?post=10179"}],"version-history":[{"count":1,"href":"http:\/\/www.proofthatgodexists.org\/es\/wp-json\/wp\/v2\/pages\/10179\/revisions"}],"predecessor-version":[{"id":11277,"href":"http:\/\/www.proofthatgodexists.org\/es\/wp-json\/wp\/v2\/pages\/10179\/revisions\/11277"}],"wp:attachment":[{"href":"http:\/\/www.proofthatgodexists.org\/es\/wp-json\/wp\/v2\/media?parent=10179"}],"curies":[{"name":"wp","href":"https:\/\/api.w.org\/{rel}","templated":true}]}}