{"id":10107,"date":"2015-01-07T20:57:20","date_gmt":"2015-01-07T20:57:20","guid":{"rendered":"http:\/\/absoluteapologetics.com\/?page_id=10107"},"modified":"2015-07-11T17:31:36","modified_gmt":"2015-07-11T17:31:36","slug":"do-not-believe","status":"publish","type":"page","link":"http:\/\/www.proofthatgodexists.org\/es\/do-not-believe\/","title":{"rendered":"I Do Not Believe That God Exists"},"content":{"rendered":"\n<div id=\"x-content-band-1\" class=\"x-content-band vc bg-image man\" data-x-element=\"content_band\" data-x-params=\"{&quot;type&quot;:&quot;image&quot;,&quot;parallax&quot;:false}\" style=\"background-image: url(http:\/\/www.proofthatgodexists.org\/es\/wp-content\/uploads\/sites\/12\/2015\/01\/1000x100.jpg); background-color: transparent; padding-top: 0px; padding-bottom: 0px;\"><div class=\"x-container wpb_row\">\n<div  class=\"x-column x-sm vc x-1-1\" style=\"\"  ><h1  class=\"h-custom-headline emboss-font h1\" style=\"margin-top: 2em; margin-bottom: 2em; font-size:69%; \"><span>\n<h1 style=\"text-align: center;\"><span style=\"color: #ff9900;\"><span style=\"color: #333333;\">Yo no creo que Dios existe<\/span> <\/span><\/h1>\n<\/span><\/h1><\/div><\/div><\/div>\n<div id=\"x-content-band-2\" class=\"x-content-band vc no-background-mobile bg-image man\" data-x-element=\"content_band\" data-x-params=\"{&quot;type&quot;:&quot;image&quot;,&quot;parallax&quot;:false}\" style=\"background-image: url(http:\/\/www.proofthatgodexists.org\/es\/wp-content\/uploads\/sites\/12\/2014\/12\/1000x234.jpg); background-color: transparent; padding-top: 0px; padding-bottom: 0px;\"><div class=\"x-container wpb_row\">\n<div  class=\"x-column x-sm vc x-1-1\" style=\"\"  ><div  class=\"x-visibility x-visible-desktop\" ><img  class=\"x-img black_bg2 x-img-none none\" style=\"position: absolute; left: 50%; width:448px; margin-left: -224px;\" src=\"http:\/\/www.proofthatgodexists.org\/es\/wp-content\/uploads\/sites\/12\/2015\/01\/1x2.png\" ><\/div><ul  class=\"x-block-grid two-up\" style=\"margin-top: .35em; margin-left: -.5em;\"><li  class=\"x-block-grid-item\" ><a  class=\"x-img button-1 x-img-link x-img-none right\" style=\"max-width:100%;\" href=\"http:\/\/www.proofthatgodexists.org\/es\/believe\/\"     data-options=\"thumbnail: 'http:\/\/www.proofthatgodexists.org\/es\/wp-content\/uploads\/sites\/12\/2015\/07\/b.png'\"><img src=\"http:\/\/www.proofthatgodexists.org\/es\/wp-content\/uploads\/sites\/12\/2015\/07\/b.png\" alt=\"Atras\"><\/a><\/li><li  class=\"x-block-grid-item\" ><a  class=\"x-img button-1 x-img-link x-img-none left\" style=\"max-width:100%;\" href=\"https:\/\/disneyland.disney.go.com\/\"     data-options=\"thumbnail: 'http:\/\/www.proofthatgodexists.org\/es\/wp-content\/uploads\/sites\/12\/2015\/07\/e.png'\"><img src=\"http:\/\/www.proofthatgodexists.org\/es\/wp-content\/uploads\/sites\/12\/2015\/07\/e.png\" alt=\"Salir\"><\/a><\/li><\/ul><\/div><\/div><\/div>\n<div id=\"x-content-band-3\" class=\"x-content-band vc bg-image man\" data-x-element=\"content_band\" data-x-params=\"{&quot;type&quot;:&quot;image&quot;,&quot;parallax&quot;:false}\" style=\"background-image: url(http:\/\/www.proofthatgodexists.org\/es\/wp-content\/uploads\/sites\/12\/2015\/01\/1000x100.jpg); background-color: transparent; padding-top: 0px; padding-bottom: 0px;\"><div class=\"x-container wpb_row\">\n<div  class=\"x-column x-sm vc x-1-1\" style=\"\"  ><h1  class=\"h-custom-headline emboss-font h1\" style=\"margin-top: 3.5em; margin-bottom: 4em; font-size:55%; \"><span>\n<h1 style=\"text-align: center;\"><span style=\"color: #ff9900;\"><span style=\"color: #202020;\">\u00a1Gracias por visitar!<\/span> <\/span><\/h1>\n<\/span><\/h1><\/div><\/div><\/div>\n<div id=\"x-content-band-4\" class=\"x-content-band vc man\" style=\"background-color: transparent; padding-top: 0px; padding-bottom: 0px;\"><div class=\"x-container wpb_row\">\n<div  class=\"x-column x-sm vc x-1-1\" style=\"\"  ><div  class=\"x-container max width\" ><\/p>\n<p>Negar la creencia en Dios no es incredulidad sino &#8220;incredulidad profesada&#8221; &#8211; un ejercicio de auto-enga\u00f1o. T\u00fa puedes saber cosas, pero no puedes justificar todo lo que dices saber. Argumentar en contra de la existencia de Dios ser\u00eda muy parecido a argumentar en contra de la existencia del aire, respir\u00e1ndolo al mismo tiempo. Admites que la verdad absoluta existe, pero no puedes justificarla sin Dios. Dices saber cosas que son verdaderas, pero no puedes justificar el conocimiento o la verdad de acuerdo a tu propia visi\u00f3n del mundo. Usas l\u00f3gica universal inmaterial e inmutable para poder llegar a decisiones racionales, pero no puedes justificar esto. La verdad, el conocimiento y l\u00f3gica no son las \u00fanicas maneras en que Dios se te ha revelado, pero son suficientes para ense\u00f1ar la irracionalidad de tu manera de pensar y revelar tu culpabilidad.<\/p>\n<p>Hay una raz\u00f3n por la cual t\u00fa niegas la existencia de Dios y no tiene nada que ver con pruebas. Te lo puedo mostrar. Examina cu\u00e1l fue tu reacci\u00f3n inicial hacia la prueba de la existencia de Dios ofrecida en este sitio web. \u00bfPiensas que puedes seguir negando a Dios porque no eres un cient\u00edfico o fil\u00f3sofo, pero \u201cseguramente en alg\u00fan lado, en alg\u00fan tiempo, un fil\u00f3sofo o cient\u00edfico va a encontrar una explicaci\u00f3n para la verdad, el conocimiento, y l\u00f3gica aparte de Dios?\u201d \u00bfTrataste de proponer una explicaci\u00f3n alternativa t\u00fa mismo, o talvez ni consideraste que la prueba era v\u00e1lida?<\/p>\n<p>Poniendo tu esperanza en que una explicaci\u00f3n alternativa de la verdad, el conocimiento, y l\u00f3gica universal, inmaterial, e inmutable, podria alg\u00fan d\u00eda ser encontrada aparte de Dios, es un salto de fe ciega, o una ilusi\u00f3n. \u00bfQu\u00e9 no es interesante que sea exactamente esto lo que dicen de los Cristianos aquellos que profesan no tener fe?<\/p>\n<p>Por favor examina la verdadera raz\u00f3n por la cual est\u00e1s huyendo de Dios. Es mi oraci\u00f3n que Dios te abra los ojos y te cambie el coraz\u00f3n para que puedas ser salvado de su pecado, alcanzado por el amor de Dios en la persona de Jesucristo, y llegando a conocer la paz que sobrepasa todo entendimiento.<\/p>\n<p><\/div>\n<hr  class=\"x-gap\" style=\"margin: 1.5em 0 0 0;\"><\/div><\/div><\/div>\n<div id=\"x-content-band-5\" class=\"x-content-band vc no-background-mobile bg-image man\" data-x-element=\"content_band\" data-x-params=\"{&quot;type&quot;:&quot;image&quot;,&quot;parallax&quot;:false}\" style=\"background-image: url(http:\/\/www.proofthatgodexists.org\/es\/wp-content\/uploads\/sites\/12\/2015\/01\/1000x100.jpg); background-color: transparent; padding-top: 0px; padding-bottom: 0px;\"><div class=\"x-container max width wpb_row\">\n<div  class=\"x-column x-sm vc x-1-1\" style=\"\"  ><img  class=\"x-img centered-image x-img-none none\" style=\"margin-top: 1.5em; margin-bottom: 1.5em;\" src=\"http:\/\/www.proofthatgodexists.org\/es\/wp-content\/uploads\/sites\/12\/2014\/12\/fish68.png\" ><\/div><\/div><\/div>\n","protected":false},"excerpt":{"rendered":"Yo no creo que Dios existe \u00a1Gracias por visitar! Negar la creencia en Dios no es incredulidad sino \"incredulidad profesada\" - un ejercicio de auto-enga\u00f1o. T\u00fa puedes saber cosas, pero no puedes justificar todo lo que dices saber. Argumentar en contra de la existencia de Dios ser\u00eda muy parecido a argumentar en contra de la existencia del aire, respir\u00e1ndolo al ... <div><a href=\"http:\/\/www.proofthatgodexists.org\/es\/do-not-believe\/\" class=\"more-link\">Read More<\/a><\/div>","protected":false},"author":1,"featured_media":0,"parent":0,"menu_order":1023,"comment_status":"closed","ping_status":"closed","template":"template-blank-4.php","meta":[],"_links":{"self":[{"href":"http:\/\/www.proofthatgodexists.org\/es\/wp-json\/wp\/v2\/pages\/10107"}],"collection":[{"href":"http:\/\/www.proofthatgodexists.org\/es\/wp-json\/wp\/v2\/pages"}],"about":[{"href":"http:\/\/www.proofthatgodexists.org\/es\/wp-json\/wp\/v2\/types\/page"}],"author":[{"embeddable":true,"href":"http:\/\/www.proofthatgodexists.org\/es\/wp-json\/wp\/v2\/users\/1"}],"replies":[{"embeddable":true,"href":"http:\/\/www.proofthatgodexists.org\/es\/wp-json\/wp\/v2\/comments?post=10107"}],"version-history":[{"count":2,"href":"http:\/\/www.proofthatgodexists.org\/es\/wp-json\/wp\/v2\/pages\/10107\/revisions"}],"predecessor-version":[{"id":11338,"href":"http:\/\/www.proofthatgodexists.org\/es\/wp-json\/wp\/v2\/pages\/10107\/revisions\/11338"}],"wp:attachment":[{"href":"http:\/\/www.proofthatgodexists.org\/es\/wp-json\/wp\/v2\/media?parent=10107"}],"curies":[{"name":"wp","href":"https:\/\/api.w.org\/{rel}","templated":true}]}}