{"id":9035,"date":"2014-12-28T03:29:22","date_gmt":"2014-12-28T03:29:22","guid":{"rendered":"http:\/\/absoluteapologetics.com\/?page_id=9035"},"modified":"2015-07-08T03:42:41","modified_gmt":"2015-07-08T03:42:41","slug":"the-proof","status":"publish","type":"page","link":"http:\/\/www.proofthatgodexists.org\/de\/the-proof\/","title":{"rendered":"The Proof"},"content":{"rendered":"\n<div id=\"x-content-band-1\" class=\"x-content-band vc bg-image man\" data-x-element=\"content_band\" data-x-params=\"{&quot;type&quot;:&quot;image&quot;,&quot;parallax&quot;:false}\" style=\"background-image: url(http:\/\/www.proofthatgodexists.org\/de\/wp-content\/uploads\/sites\/13\/2014\/12\/1000x225.jpg); background-color: transparent; padding-top: 0px; padding-bottom: 0px;\"><div class=\"x-container wpb_row\">\n<div  class=\"x-column x-sm vc x-1-1\" style=\"\"  ><h1  class=\"h-custom-headline emboss-font h1\" style=\"margin-top:1.5em; margin-bottom: 0em; font-size:75%;\"><span>\n<h1 style=\"text-align: center;\"><span style=\"color: #ff9900;\"><span style=\"color: #202020;\">Der Beweis, dass Gott existiert, ist, dass man ohne Ihn nichts beweisen kann!<br \/>\n<\/span><\/span><\/h1>\n<\/span><\/h1><\/div><\/div><\/div>\n<div id=\"x-content-band-2\" class=\"x-content-band vc man\" style=\"background-color: transparent; padding-top: 0px; padding-bottom: 0px;\"><div class=\"x-container wpb_row\">\n<div  class=\"x-column x-sm vc x-1-1\" style=\"\"  ><a  class=\"x-img centered-image  x-img-link x-img-none none\" style=\"margin-top: 2em; border-radius: 40px;\" href=\"http:\/\/www.proofthatgodexists.org\/de\/believe\/\" title=\"Continue\"    data-options=\"thumbnail: 'http:\/\/www.proofthatgodexists.org\/de\/wp-content\/uploads\/sites\/13\/2015\/07\/continue-ind.png'\"><img src=\"http:\/\/www.proofthatgodexists.org\/de\/wp-content\/uploads\/sites\/13\/2015\/07\/continue-ind.png\" ><\/a><div  class=\"x-container max width\" ><\/p>\n<p>Wahrheit, Wissen und und Logik sind alle notwendig um irgendetwas zu beweisen, und du hast alle vorausgesetzt und bejaht, so dass du diesen Beweis erreicht hast.<\/p>\n<p>Obwohl du versuchen kannst, Wahrheit, Wissen und Logik ohne Gott zu erkl\u00e4ren, wird der Rest dieser Seite dir zeigen, dass dies unm\u00f6glich ist und wie Christen diese Dinge mit Gott erkl\u00e4ren k\u00f6nnen.<\/p>\n<p>Obwohl dieser Beweis ein stichhaltiger, &#8220;transzendentaler&#8221; Beweis ist, braucht ihn niemand. Die Bibel lehrt uns, dass es zwei Arten von Menschen auf dieser Erde gibt: jene, die die Wahrheit von Gottes Existenz bekennen und jene, die die Wahrheit von Gottes Existenz unterdr\u00fccken. Die Optionen, Gott zu \u201esuchen\u201c oder nicht an Ihn zu glauben, gibt es nicht. Die Bibel versucht nie, die Existenz Gottes zu beweisen, sondern verk\u00fcndet, dass die Existenz Gottes so offensichtlich ist, dass wir keine Entschuldigung haben nicht an Ihn zu glauben. Im R\u00f6merbrief 1, Verse 18-21 steht:<\/p>\n<p><blockquote  class=\"x-blockquote\" ><em>Doch vom Himmel her wird Gottes Zorn sichtbar \u00fcber alle Gottlosigkeit und Ungerechtigkeit der Menschen, die die Wahrheit in ihrer Ungerechtigkeit unterdr\u00fccken. Dabei wissen sie von Gott; Gott selbst hat ihnen diese Erkenntnis gegeben. Seit Erschaffung der Welt haben die Menschen die Erde und den Himmel und alles gesehen, was Gott erschaffen hat, und k\u00f6nnen daran ihn, den unsichtbaren Gott, in seiner ewigen Macht und seinem g\u00f6ttlichen Wesen klar erkennen. Deshalb haben sie keine Entschuldigung daf\u00fcr, von Gott nichts gewusst zu haben. Obwohl sie von Gott wussten, wollten sie ihn nicht als Gott verehren oder ihm danken. Stattdessen fingen sie an, sich unsinnige Vorstellungen von Gott zu machen, und ihr Verstand verfinsterte sich.<\/em><\/blockquote><\/p>\n<p>Gott sendet Menschen nicht in die H\u00f6lle, weil sie das abstreiten, was sie nicht kennen, sondern weil sie gegen den Gott, den sie kennen, s\u00fcndigen. <hr  class=\"x-gap\" style=\"margin: 30px 0 0 0;\"><\/div>\n<\/div><\/div><\/div>\n<div id=\"x-content-band-3\" class=\"x-content-band vc no-background-mobile bg-image man\" data-x-element=\"content_band\" data-x-params=\"{&quot;type&quot;:&quot;image&quot;,&quot;parallax&quot;:false}\" style=\"background-image: url(http:\/\/www.proofthatgodexists.org\/de\/wp-content\/uploads\/sites\/13\/2015\/01\/1000x100.jpg); background-color: transparent; padding-top: 0px; padding-bottom: 0px;\"><div class=\"x-container max width wpb_row\">\n<div  class=\"x-column x-sm vc x-1-1\" style=\"\"  ><img  class=\"x-img centered-image x-img-none none\" style=\"margin-top: 1.5em; margin-bottom: 1.5em;\" src=\"http:\/\/www.proofthatgodexists.org\/de\/wp-content\/uploads\/sites\/13\/2014\/12\/fish68.png\" ><\/div><\/div><\/div>\n<div id=\"x-content-band-4\" class=\"x-content-band vc\" style=\"background-color: transparent;\"><div class=\"x-container wpb_row\">\n<div  class=\"x-column x-sm vc x-1-1\" style=\"\"  ><hr  class=\"x-gap\" style=\"margin: 1em 0 0 0;\"><\/div><\/div><\/div>\n","protected":false},"excerpt":{"rendered":"Der Beweis, dass Gott existiert, ist, dass man ohne Ihn nichts beweisen kann! Wahrheit, Wissen und und Logik sind alle notwendig um irgendetwas zu beweisen, und du hast alle vorausgesetzt und bejaht, so dass du diesen Beweis erreicht hast. Obwohl du versuchen kannst, Wahrheit, Wissen und Logik ohne Gott zu erkl\u00e4ren, wird der Rest dieser Seite dir zeigen, dass dies ... <div><a href=\"http:\/\/www.proofthatgodexists.org\/de\/the-proof\/\" class=\"more-link\">Read More<\/a><\/div>","protected":false},"author":1,"featured_media":0,"parent":0,"menu_order":1021,"comment_status":"closed","ping_status":"closed","template":"template-blank-4.php","meta":[],"_links":{"self":[{"href":"http:\/\/www.proofthatgodexists.org\/de\/wp-json\/wp\/v2\/pages\/9035"}],"collection":[{"href":"http:\/\/www.proofthatgodexists.org\/de\/wp-json\/wp\/v2\/pages"}],"about":[{"href":"http:\/\/www.proofthatgodexists.org\/de\/wp-json\/wp\/v2\/types\/page"}],"author":[{"embeddable":true,"href":"http:\/\/www.proofthatgodexists.org\/de\/wp-json\/wp\/v2\/users\/1"}],"replies":[{"embeddable":true,"href":"http:\/\/www.proofthatgodexists.org\/de\/wp-json\/wp\/v2\/comments?post=9035"}],"version-history":[{"count":2,"href":"http:\/\/www.proofthatgodexists.org\/de\/wp-json\/wp\/v2\/pages\/9035\/revisions"}],"predecessor-version":[{"id":11332,"href":"http:\/\/www.proofthatgodexists.org\/de\/wp-json\/wp\/v2\/pages\/9035\/revisions\/11332"}],"wp:attachment":[{"href":"http:\/\/www.proofthatgodexists.org\/de\/wp-json\/wp\/v2\/media?parent=9035"}],"curies":[{"name":"wp","href":"https:\/\/api.w.org\/{rel}","templated":true}]}}