{"id":10244,"date":"2015-01-08T02:27:36","date_gmt":"2015-01-08T02:27:36","guid":{"rendered":"http:\/\/absoluteapologetics.com\/?page_id=10244"},"modified":"2019-11-29T20:52:06","modified_gmt":"2019-11-29T20:52:06","slug":"donate","status":"publish","type":"page","link":"http:\/\/www.proofthatgodexists.org\/de\/donate\/","title":{"rendered":"Donate"},"content":{"rendered":"\n<div id=\"x-content-band-1\" class=\"x-content-band vc bg-image man\" data-x-element=\"content_band\" data-x-params=\"{&quot;type&quot;:&quot;image&quot;,&quot;parallax&quot;:false}\" style=\"background-image: url(http:\/\/www.proofthatgodexists.org\/de\/wp-content\/uploads\/sites\/13\/2015\/01\/1000x100.jpg); background-color: transparent; padding-top: 0px; padding-bottom: 0px;\"><div class=\"x-container wpb_row\">\n<div  class=\"x-column x-sm vc x-1-1\" style=\"\"  ><h1  class=\"h-custom-headline emboss-font h1\" style=\"margin-top: 1.9em; margin-bottom: -.25em; font-size: 75%;\"><span>\n<h1 style=\"text-align: center;\"><span style=\"color: #ff9900;\"><span style=\"color: #333333;\">Spenden<\/span><br \/>\n<\/span><\/h1>\n<\/span><\/h1><\/div><\/div><\/div>\n<div id=\"x-content-band-2\" class=\"x-content-band vc\" style=\"background-color: transparent;\"><div class=\"x-container wpb_row\">\n<div  class=\"x-column x-sm vc x-1-1\" style=\"\"  ><hr  class=\"x-gap\" style=\"margin: -1.5em 0 0 0;\"><img  class=\"x-img x-img-none right\" style=\"margin-top: -1em;\" src=\"http:\/\/www.proofthatgodexists.org\/de\/wp-content\/uploads\/sites\/13\/2015\/01\/donate-icon.png\" ><p style=\"text-align: justify;\">Im Mai 2008 hat Sye seinen Beruf gek\u00fcndigt, um diesen apologetischen Dienst vollzeit auszuf\u00fchren, der haupts\u00e4chlich durch gro\u00dfz\u00fcgige Spenden von Menschen wie dir getragen wird. <strong> <span style=\"color: #ffffff;\">Dieser Dienst ist keine gemeinn\u00fctzige Organisation<\/span> <\/strong>damit die Regierung, mit ihren zunehmenden Angriffen auf christliche Institutionen, keine M\u00f6glichkeit hat, den Inhalt zu beeinflussen.<\/p>\n<p style=\"text-align: justify;\">Wenn du durch diesen Dienst auch nur ein bisschen gesegnet wurdest, denke bitte \u00fcber eine Spende nach.<\/p>\n<p style=\"text-align: center;\"><span style=\"color: #ffffff;\">Spenden k\u00f6nnen an die folgende Adresse gesendet werden:<br \/>\nSye Ten Bruggencate<br \/>\n3458 Pigram Rd. RR#1<br \/>\nSalford, Ontario<br \/>\nN0J 1W0<br \/>\nCanada<br \/>\n(Bitte stelle Schecks auf Sye TenBruggencate aus).<\/span><\/p>\n<p><span style=\"color: #ffffff;\"><strong>PayPal<\/strong><\/span>: Wegen dem kontroversen Umstand, dass nicht-gemeinn\u00fctzige Organisationen durch einen direkten Paypal Link Spenden bekommen, wurde der &#8220;Spenden&#8221; Button von dieser Seite entfernt. Trotzdem ist das Konto (<span style=\"color: #ffffff;\"><strong>contact@proofthatgodexists.org<\/strong><\/span>) noch aktiv.<\/p>\n<\/div><\/div><\/div>\n<div id=\"x-content-band-3\" class=\"x-content-band vc no-background-mobile bg-image man\" data-x-element=\"content_band\" data-x-params=\"{&quot;type&quot;:&quot;image&quot;,&quot;parallax&quot;:false}\" style=\"background-image: url(http:\/\/www.proofthatgodexists.org\/de\/wp-content\/uploads\/sites\/13\/2015\/01\/1000x100.jpg); background-color: transparent; padding-top: 0px; padding-bottom: 0px;\"><div class=\"x-container max width wpb_row\">\n<div  class=\"x-column x-sm vc x-1-1\" style=\"\"  ><img  class=\"x-img centered-image x-img-none none\" style=\"margin-top: 2em; margin-bottom: 1.5em;\" src=\"http:\/\/www.proofthatgodexists.org\/de\/wp-content\/uploads\/sites\/13\/2014\/12\/fish68.png\" ><\/div><\/div><\/div>\n","protected":false},"excerpt":{"rendered":"Spenden Im Mai 2008 hat Sye seinen Beruf gek\u00fcndigt, um diesen apologetischen Dienst vollzeit auszuf\u00fchren, der haupts\u00e4chlich durch gro\u00dfz\u00fcgige Spenden von Menschen wie dir getragen wird. Dieser Dienst ist keine gemeinn\u00fctzige Organisation damit die Regierung, mit ihren zunehmenden Angriffen auf christliche Institutionen, keine M\u00f6glichkeit hat, den Inhalt zu beeinflussen. Wenn du durch diesen Dienst auch nur ein bisschen gesegnet wurdest, ... <div><a href=\"http:\/\/www.proofthatgodexists.org\/de\/donate\/\" class=\"more-link\">Read More<\/a><\/div>","protected":false},"author":1,"featured_media":0,"parent":0,"menu_order":1060,"comment_status":"closed","ping_status":"closed","template":"template-blank-4.php","meta":[],"_links":{"self":[{"href":"http:\/\/www.proofthatgodexists.org\/de\/wp-json\/wp\/v2\/pages\/10244"}],"collection":[{"href":"http:\/\/www.proofthatgodexists.org\/de\/wp-json\/wp\/v2\/pages"}],"about":[{"href":"http:\/\/www.proofthatgodexists.org\/de\/wp-json\/wp\/v2\/types\/page"}],"author":[{"embeddable":true,"href":"http:\/\/www.proofthatgodexists.org\/de\/wp-json\/wp\/v2\/users\/1"}],"replies":[{"embeddable":true,"href":"http:\/\/www.proofthatgodexists.org\/de\/wp-json\/wp\/v2\/comments?post=10244"}],"version-history":[{"count":1,"href":"http:\/\/www.proofthatgodexists.org\/de\/wp-json\/wp\/v2\/pages\/10244\/revisions"}],"predecessor-version":[{"id":11569,"href":"http:\/\/www.proofthatgodexists.org\/de\/wp-json\/wp\/v2\/pages\/10244\/revisions\/11569"}],"wp:attachment":[{"href":"http:\/\/www.proofthatgodexists.org\/de\/wp-json\/wp\/v2\/media?parent=10244"}],"curies":[{"name":"wp","href":"https:\/\/api.w.org\/{rel}","templated":true}]}}