{"id":10228,"date":"2015-01-08T01:57:05","date_gmt":"2015-01-08T01:57:05","guid":{"rendered":"http:\/\/absoluteapologetics.com\/?page_id=10228"},"modified":"2018-07-28T17:42:40","modified_gmt":"2018-07-28T17:42:40","slug":"about-sye","status":"publish","type":"page","link":"http:\/\/www.proofthatgodexists.org\/de\/about-sye\/","title":{"rendered":"About Sye"},"content":{"rendered":"\n<div id=\"x-content-band-1\" class=\"x-content-band vc bg-image man\" data-x-element=\"content_band\" data-x-params=\"{&quot;type&quot;:&quot;image&quot;,&quot;parallax&quot;:false}\" style=\"background-image: url(http:\/\/www.proofthatgodexists.org\/de\/wp-content\/uploads\/sites\/13\/2015\/01\/1000x100.jpg); background-color: transparent; padding-top: 0px; padding-bottom: 0px;\"><div class=\"x-container wpb_row\">\n<div  class=\"x-column x-sm vc x-1-1\" style=\"\"  ><h1  class=\"h-custom-headline emboss-font h1\" style=\"margin-top: 1.9em; margin-bottom: -.25em; font-size: 75%;\"><span>\n<h1 style=\"text-align: center;\"><span style=\"color: #ff9900;\"><span style=\"color: #333333;\">\u00dcber Sye<\/span><br \/>\n<\/span><\/h1>\n<\/span><\/h1><\/div><\/div><\/div>\n<div id=\"x-content-band-2\" class=\"x-content-band vc\" style=\"background-color: transparent;\"><div class=\"x-container wpb_row\">\n<div  class=\"x-column x-sm vc x-1-1\" style=\"\"  ><img  class=\"x-img x-img-none right\"  src=\"http:\/\/www.proofthatgodexists.org\/de\/wp-content\/uploads\/sites\/13\/2014\/12\/Syefs-e1419915361661.jpg\" ><p>Sye Ten Bruggencate ist in Toronto, Ontario, Kanada geboren und aufgewachsen und wohnt nun in Dorchester, Ontario. Er wuchs in einem liebevollen, christlichen Elternhaus auf und ist das f\u00fcnft\u00e4lteste Kind von insgesamt sieben. Seine Eltern sind aus Holland eingewandert (sein Vater kam urspr\u00fcnglich aus einer holl\u00e4ndischen Kolonie in Indonesien), und er spricht flie\u00dfend Holl\u00e4ndisch.<\/p>\n<p>Sein gesamtes Leben f\u00fchlte Sye das Bed\u00fcrfnis, anderen seinen Glauben mitzuteilen. Obwohl Beweise und Zeugnisse dazu dienen k\u00f6nnen, den Glauben zu teilen, bemerkte Sye, dass sie nicht ausreichten um seinen Glauben zu verteidigen (Apologetik). Er lernte schnell, dass der Versuch, Beweise aufzuzeigen und Menschen sentimentale Zeugnisse zu geben, die behaupteten, nicht genug Beweise f\u00fcr Gott zu haben, bedeutet, dass man von Ihnen an der Nase herumgef\u00fchrt wird.<\/p>\n<p>Sye lernte das erste Mal nach der Debatte zwischen Dr. Greg Bahnsen und Dr. Gordon Stein, was &#8220;pr\u00e4suppositionelle (=vorraussetzende) Apologetik&#8221; ist. Der gr\u00f6\u00dften Teil seiner Nachforschungen \u00fcber Apologetik geschah durch Audiovorlesungen des sp\u00e4ten Dr. Bahnsen.<\/p>\n<p>Im Juni 2006 publizierte Sye diese Webseite. Nachdem er im Mai 2008 einen immer gr\u00f6\u00dferen Bedarf f\u00fcr biblische Apologetik sah, verlie\u00df Sye seine Arbeit als Ingenieur in der Automobilindustrie um in Apologetik in Vollzeit lehren zu k\u00f6nnen.<\/p>\n<p>Obwohl er bekennende Nichtgl\u00e4ubige sowohl auf der Stra\u00dfe als auch in formalen Debatten debattiert, fokussiert sich Sye nun haupts\u00e4chlich darauf, Christen f\u00fcr die Verteidigung ihres Glaubens auszur\u00fcsten.<\/p>\n<p>Im April 2013 ver\u00f6ffentlichte Sye den Film <a href=\"https:\/\/youtu.be\/aQKjUzotw_Y\" target=\"_blank\">&#8220;How To Answer The Fool&#8221;<\/a> (Wie man einem Narren antwortet) und im Februar 2015 ver\u00f6ffentlichte er den Film <a href=\"https:\/\/youtu.be\/yWVbSEI8mZg\" target=\"_blank\">&#8220;Debating Dillahunty&#8221;<\/a> (Dillahunty debattieren). Er hat dieses Thema in ganz Nordamerika und dem Vereinigten K\u00f6nigreich gelehrt. <a href=\"http:\/\/www.proofthatgodexists.org\/de\/contact\/\" target=\"_blank\">Kontaktiere Sye<\/a> um einen Vortrag in deiner Stadt zu arrangieren.<\/p>\n<p>Sye ist ein Mitglied der Associate Reformed Presbyterian Church und ist nur durch Gottes Gnade ein Christ.<\/p>\n<\/div><\/div><\/div>\n<div id=\"x-content-band-3\" class=\"x-content-band vc no-background-mobile bg-image man\" data-x-element=\"content_band\" data-x-params=\"{&quot;type&quot;:&quot;image&quot;,&quot;parallax&quot;:false}\" style=\"background-image: url(http:\/\/www.proofthatgodexists.org\/de\/wp-content\/uploads\/sites\/13\/2015\/01\/1000x100.jpg); background-color: transparent; padding-top: 0px; padding-bottom: 0px;\"><div class=\"x-container max width wpb_row\">\n<div  class=\"x-column x-sm vc x-1-1\" style=\"\"  ><img  class=\"x-img centered-image x-img-none none\" style=\"margin-top: 2em; margin-bottom: 1.5em;\" src=\"http:\/\/www.proofthatgodexists.org\/de\/wp-content\/uploads\/sites\/13\/2014\/12\/fish68.png\" ><\/div><\/div><\/div>\n","protected":false},"excerpt":{"rendered":"\u00dcber Sye Sye Ten Bruggencate ist in Toronto, Ontario, Kanada geboren und aufgewachsen und wohnt nun in Dorchester, Ontario. Er wuchs in einem liebevollen, christlichen Elternhaus auf und ist das f\u00fcnft\u00e4lteste Kind von insgesamt sieben. Seine Eltern sind aus Holland eingewandert (sein Vater kam urspr\u00fcnglich aus einer holl\u00e4ndischen Kolonie in Indonesien), und er spricht flie\u00dfend Holl\u00e4ndisch. Sein gesamtes Leben f\u00fchlte ... <div><a href=\"http:\/\/www.proofthatgodexists.org\/de\/about-sye\/\" class=\"more-link\">Read More<\/a><\/div>","protected":false},"author":1,"featured_media":0,"parent":0,"menu_order":1056,"comment_status":"closed","ping_status":"closed","template":"template-blank-4.php","meta":[],"_links":{"self":[{"href":"http:\/\/www.proofthatgodexists.org\/de\/wp-json\/wp\/v2\/pages\/10228"}],"collection":[{"href":"http:\/\/www.proofthatgodexists.org\/de\/wp-json\/wp\/v2\/pages"}],"about":[{"href":"http:\/\/www.proofthatgodexists.org\/de\/wp-json\/wp\/v2\/types\/page"}],"author":[{"embeddable":true,"href":"http:\/\/www.proofthatgodexists.org\/de\/wp-json\/wp\/v2\/users\/1"}],"replies":[{"embeddable":true,"href":"http:\/\/www.proofthatgodexists.org\/de\/wp-json\/wp\/v2\/comments?post=10228"}],"version-history":[{"count":2,"href":"http:\/\/www.proofthatgodexists.org\/de\/wp-json\/wp\/v2\/pages\/10228\/revisions"}],"predecessor-version":[{"id":11566,"href":"http:\/\/www.proofthatgodexists.org\/de\/wp-json\/wp\/v2\/pages\/10228\/revisions\/11566"}],"wp:attachment":[{"href":"http:\/\/www.proofthatgodexists.org\/de\/wp-json\/wp\/v2\/media?parent=10228"}],"curies":[{"name":"wp","href":"https:\/\/api.w.org\/{rel}","templated":true}]}}