{"id":10179,"date":"2015-01-08T00:04:15","date_gmt":"2015-01-08T00:04:15","guid":{"rendered":"http:\/\/absoluteapologetics.com\/?page_id=10179"},"modified":"2015-07-08T15:24:23","modified_gmt":"2015-07-08T15:24:23","slug":"about-site","status":"publish","type":"page","link":"http:\/\/www.proofthatgodexists.org\/de\/about-site\/","title":{"rendered":"About This Site"},"content":{"rendered":"\n<div id=\"x-content-band-1\" class=\"x-content-band vc bg-image man\" data-x-element=\"content_band\" data-x-params=\"{&quot;type&quot;:&quot;image&quot;,&quot;parallax&quot;:false}\" style=\"background-image: url(http:\/\/www.proofthatgodexists.org\/de\/wp-content\/uploads\/sites\/13\/2015\/01\/1000x100.jpg); background-color: transparent; padding-top: 0px; padding-bottom: 0px;\"><div class=\"x-container wpb_row\">\n<div  class=\"x-column x-sm vc x-1-1\" style=\"\"  ><h1  class=\"h-custom-headline emboss-font h1\" style=\"margin-top: 1.9em; margin-bottom: -.25em; font-size: 75%;\"><span>\n<h1 style=\"text-align: center;\"><span style=\"color: #ff9900;\"><span style=\"color: #333333;\">\u00dcber diese Seite<\/span><br \/>\n<\/span><\/h1>\n<\/span><\/h1><\/div><\/div><\/div>\n<div id=\"x-content-band-2\" class=\"x-content-band vc\" style=\"background-color: transparent;\"><div class=\"x-container wpb_row\">\n<div  class=\"x-column x-sm vc x-1-1\" style=\"\"  ><hr  class=\"x-gap\" style=\"margin: -1.5em 0 0 0;\"><img  class=\"x-img x-img-none right\" style=\"margin-top: -1em;\" src=\"http:\/\/www.proofthatgodexists.org\/de\/wp-content\/uploads\/sites\/13\/2015\/01\/info-icon.png\" ><p>Gott steht nicht auf dem Pr\u00fcfstand.<\/p>\n<p>Wie vermessen es w\u00e4re, zu dem Sch\u00f6pfer des Universums zu sagen: \u201eBeweise mir, dass du existierst, dann werde ich mich vor die verbeuen und nich anbeten\u201c. Oder, um es anders zu sagen: \u201eDu musst dich meinem Standard unterordnen bevor ich mich deinem unterordne\u201c. Manche Menschen wollen Gott SEIN bevor sie sich Ihm unterordnen.<\/p>\n<p>Niemand ben\u00f6tigt Argumente f\u00fcr die Existenz Gottes. Niemand ben\u00f6tigt den Beweis, dass Gott existiert. Die Bibel lehrt uns, dass diese, die behaupten, dass Gott nicht existiert, lediglich das unterdr\u00fccken, wovon sie wissen, dass es wahr ist.<\/p>\n<p>Obwohl sie Gott kannten, ehrten sie ihn nicht als Gott und dankten ihm nicht. Ihre Gedanken liefen ins Leere und in ihren unverst\u00e4ndigen Herzen wurde es finster.<br \/>\n(R\u00f6mer 1:21)<\/p>\n<p>Sein Leben lang hat Sye das Bed\u00fcrfnis gesp\u00fcrt, seinen Glauben weiterzugeben. Er dachte, dass die beste Art w\u00e4re, andere mit Beweisen zu \u00fcbersch\u00fctten, oder ihnen zu erz\u00e4hlen, was sein Glaube ihm bedeutet. Aber durch Gottes Gnade er erkannt, dass er damit falsch lag. Beweise zu benutzen oder denen sentimentale Zeugnisse zu geben, die behaupten, nicht gen\u00fcgend Beweise f\u00fcr Gott zu haben, bedeutet von ihnen irregef\u00fchrt zu werden.<\/p>\n<p>Obwohl es nicht so aussehen mag, versucht diese Webseite keinesfalls zu beweisen, dass Gott existiert, sondern soll lediglich zeigen, dass es Beweise f\u00fcr die Existenz Gottes gibt. Der Beweis hier soll nicht dazu dienen, den Forderungen derer gerecht zu werden, die Gott auf die Probe stellen wollen, sondern soll ihre Unterdr\u00fcckung der Wahrheit aufdecken.<\/p>\n<p>Diese Seite verfolgt das Ziel, \u201eeinen Grund f\u00fcr die Hoffnung [zu] geben, die in euch ist\u201c (1. Petrus 3:15) indem sie demonstiert, dass man au\u00dferhalb von Gott keine Grundlage f\u00fcr sein Wissen hat; und indem sie das Evangelium von Jesus Christus verbreitet.<\/p>\n<p>Es ist die Hoffung, dass Gott diese Seite benutzt um bekennenden Nichtgl\u00e4ubigen zu helfen, das zuzugeben, was sie bereits wissen: Dass Gott existiert, dass sie unter seinem Zorn stehen und dass sie versuchen, der Rechenschaft gegen\u00fcber Gott zu entfliehen. M\u00f6ge Gott diese Seite ebenfalls dazu benutzen, diese Menschen so zu f\u00fchren, dass sie aus Ihrer S\u00fcnde umkehren, Bu\u00dfe tun und sein Geschenk der Errettung durch Seinen Sohn Jesus Christus annehmen, der gestorben und wieder auferstanden ist, damit sie Leben und Leben im \u00dcberfluss haben k\u00f6nnen.<\/p>\n<p>Weitrhin besteht die Hoffnung, dass Gott diese Seite benutzt, um den Glauben von Christen zu st\u00e4rken und ihnen auf Ihrem t\u00e4glichen Weg zu helfen.<\/p>\n<p>Wenn du durch diese Seite n\u00e4her zu Gott gebracht wurdest, ist dies allein durch Gottes Gnade.<\/p>\n<p>Alles, was an dieser Seite gut ist, ist von Gott, die Fehler sind von mir.<\/p>\n<hr  class=\"x-hr\" style=\"box-shadow: 0px 1px 1px #313131;\"><p class=\"center\" style=\"text-align: center;\">Webseite wurde am 2. Juni 2006 ver\u00f6ffentlicht<\/p>\n<\/div><\/div><\/div>\n<div id=\"x-content-band-3\" class=\"x-content-band vc no-background-mobile bg-image man\" data-x-element=\"content_band\" data-x-params=\"{&quot;type&quot;:&quot;image&quot;,&quot;parallax&quot;:false}\" style=\"background-image: url(http:\/\/www.proofthatgodexists.org\/de\/wp-content\/uploads\/sites\/13\/2015\/01\/1000x100.jpg); background-color: transparent; padding-top: 0px; padding-bottom: 0px;\"><div class=\"x-container max width wpb_row\">\n<div  class=\"x-column x-sm vc x-1-1\" style=\"\"  ><img  class=\"x-img centered-image x-img-none none\" style=\"margin-top: 2em; margin-bottom: 1.5em;\" src=\"http:\/\/www.proofthatgodexists.org\/de\/wp-content\/uploads\/sites\/13\/2014\/12\/fish68.png\" ><\/div><\/div><\/div>\n","protected":false},"excerpt":{"rendered":"\u00dcber diese Seite Gott steht nicht auf dem Pr\u00fcfstand. Wie vermessen es w\u00e4re, zu dem Sch\u00f6pfer des Universums zu sagen: \u201eBeweise mir, dass du existierst, dann werde ich mich vor die verbeuen und nich anbeten\u201c. Oder, um es anders zu sagen: \u201eDu musst dich meinem Standard unterordnen bevor ich mich deinem unterordne\u201c. Manche Menschen wollen Gott SEIN bevor sie sich ... <div><a href=\"http:\/\/www.proofthatgodexists.org\/de\/about-site\/\" class=\"more-link\">Read More<\/a><\/div>","protected":false},"author":1,"featured_media":0,"parent":0,"menu_order":1055,"comment_status":"closed","ping_status":"closed","template":"template-blank-4.php","meta":[],"_links":{"self":[{"href":"http:\/\/www.proofthatgodexists.org\/de\/wp-json\/wp\/v2\/pages\/10179"}],"collection":[{"href":"http:\/\/www.proofthatgodexists.org\/de\/wp-json\/wp\/v2\/pages"}],"about":[{"href":"http:\/\/www.proofthatgodexists.org\/de\/wp-json\/wp\/v2\/types\/page"}],"author":[{"embeddable":true,"href":"http:\/\/www.proofthatgodexists.org\/de\/wp-json\/wp\/v2\/users\/1"}],"replies":[{"embeddable":true,"href":"http:\/\/www.proofthatgodexists.org\/de\/wp-json\/wp\/v2\/comments?post=10179"}],"version-history":[{"count":2,"href":"http:\/\/www.proofthatgodexists.org\/de\/wp-json\/wp\/v2\/pages\/10179\/revisions"}],"predecessor-version":[{"id":11372,"href":"http:\/\/www.proofthatgodexists.org\/de\/wp-json\/wp\/v2\/pages\/10179\/revisions\/11372"}],"wp:attachment":[{"href":"http:\/\/www.proofthatgodexists.org\/de\/wp-json\/wp\/v2\/media?parent=10179"}],"curies":[{"name":"wp","href":"https:\/\/api.w.org\/{rel}","templated":true}]}}