{"id":10107,"date":"2015-01-07T20:57:20","date_gmt":"2015-01-07T20:57:20","guid":{"rendered":"http:\/\/absoluteapologetics.com\/?page_id=10107"},"modified":"2015-07-09T15:51:18","modified_gmt":"2015-07-09T15:51:18","slug":"do-not-believe","status":"publish","type":"page","link":"http:\/\/www.proofthatgodexists.org\/de\/do-not-believe\/","title":{"rendered":"I Do Not Believe That God Exists"},"content":{"rendered":"\n<div id=\"x-content-band-1\" class=\"x-content-band vc bg-image man\" data-x-element=\"content_band\" data-x-params=\"{&quot;type&quot;:&quot;image&quot;,&quot;parallax&quot;:false}\" style=\"background-image: url(http:\/\/www.proofthatgodexists.org\/de\/wp-content\/uploads\/sites\/13\/2015\/01\/1000x100.jpg); background-color: transparent; padding-top: 0px; padding-bottom: 0px;\"><div class=\"x-container wpb_row\">\n<div  class=\"x-column x-sm vc x-1-1\" style=\"\"  ><h1  class=\"h-custom-headline emboss-font h1\" style=\"margin-top: 2.6em; margin-bottom: 2.6em; font-size:60%; \"><span>\n<h1 style=\"text-align: center;\"><span style=\"color: #ff9900;\"><span style=\"color: #333333;\">Ich glaube nicht, dass Gott existiert<\/span> <\/span><\/h1>\n<\/span><\/h1><\/div><\/div><\/div>\n<div id=\"x-content-band-2\" class=\"x-content-band vc no-background-mobile bg-image man\" data-x-element=\"content_band\" data-x-params=\"{&quot;type&quot;:&quot;image&quot;,&quot;parallax&quot;:false}\" style=\"background-image: url(http:\/\/www.proofthatgodexists.org\/de\/wp-content\/uploads\/sites\/13\/2014\/12\/1000x234.jpg); background-color: transparent; padding-top: 0px; padding-bottom: 0px;\"><div class=\"x-container wpb_row\">\n<div  class=\"x-column x-sm vc x-1-1\" style=\"\"  ><div  class=\"x-visibility x-visible-desktop\" ><img  class=\"x-img black_bg2 x-img-none none\" style=\"position: absolute; left: 50%; width:448px; margin-left: -224px;\" src=\"http:\/\/www.proofthatgodexists.org\/de\/wp-content\/uploads\/sites\/13\/2015\/01\/1x2.png\" ><\/div><ul  class=\"x-block-grid two-up\" style=\"margin-top: .35em; margin-left: -.5em;\"><li  class=\"x-block-grid-item\" ><a  class=\"x-img button-1 x-img-link x-img-none right\" style=\"max-width:100%;\" href=\"http:\/\/www.proofthatgodexists.org\/de\/believe\/\"     data-options=\"thumbnail: 'http:\/\/www.proofthatgodexists.org\/de\/wp-content\/uploads\/sites\/13\/2015\/07\/b.png'\"><img src=\"http:\/\/www.proofthatgodexists.org\/de\/wp-content\/uploads\/sites\/13\/2015\/07\/b.png\" alt=\"Zur\u00fcck\"><\/a><\/li><li  class=\"x-block-grid-item\" ><a  class=\"x-img button-1 x-img-link x-img-none left\" style=\"max-width:100%;\" href=\"http:\/\/disney.de\/\"     data-options=\"thumbnail: 'http:\/\/www.proofthatgodexists.org\/de\/wp-content\/uploads\/sites\/13\/2015\/07\/e.png'\"><img src=\"http:\/\/www.proofthatgodexists.org\/de\/wp-content\/uploads\/sites\/13\/2015\/07\/e.png\" alt=\"Seite verlassen\"><\/a><\/li><\/ul><\/div><\/div><\/div>\n<div id=\"x-content-band-3\" class=\"x-content-band vc bg-image man\" data-x-element=\"content_band\" data-x-params=\"{&quot;type&quot;:&quot;image&quot;,&quot;parallax&quot;:false}\" style=\"background-image: url(http:\/\/www.proofthatgodexists.org\/de\/wp-content\/uploads\/sites\/13\/2015\/01\/1000x100.jpg); background-color: transparent; padding-top: 0px; padding-bottom: 0px;\"><div class=\"x-container wpb_row\">\n<div  class=\"x-column x-sm vc x-1-1\" style=\"\"  ><h1  class=\"h-custom-headline emboss-font h1\" style=\"margin-top: 3.5em; margin-bottom: 4em; font-size:55%; \"><span>\n<h1 style=\"text-align: center;\"><span style=\"color: #ff9900;\"><span style=\"color: #202020;\">Danke f\u00fcr deinen Besuch!<\/span> <\/span><\/h1>\n<\/span><\/h1><\/div><\/div><\/div>\n<div id=\"x-content-band-4\" class=\"x-content-band vc man\" style=\"background-color: transparent; padding-top: 0px; padding-bottom: 0px;\"><div class=\"x-container wpb_row\">\n<div  class=\"x-column x-sm vc x-1-1\" style=\"\"  ><div  class=\"x-container max width\" ><\/p>\n<p>Den Glauben an Gott zu leugnen ist kein Unglaube, sondern angeblicher Unglaube \u2013 eine Art von Selbstt\u00e4uschug. Du magst zwar manches wissen, aber du kannst nichts, was du zu wissen meinst, begr\u00fcnden. Gegen Gottes Existenz zu argumentieren, ist so, als ob du gegen die Existenz von Luft argumentieren w\u00fcrdest, w\u00e4hrend du Luft atmen musst um argumentieren zu k\u00f6nnen. Du gibst zu, dass absolute Wahrheit existiert, aber kannst es ohne Gott nicht begr\u00fcnden. Du behauptest zu wissen, dass manche Dinge wahr sind, aber kannst weder Wahrheit noch Wissen in deiner Weltanschauung rechtfertigen. Du benutzt universale, abstrakte und unver\u00e4nderliche Logik um zu rationalen Entscheidungen zu kommen, aber kannst es nicht begr\u00fcnden. Wahrheit, Wissen und Logik sind nicht die einzigen Arten wie Gott sich dir offenbart hat. Trotzdem reichen sie aus, um die Irrationalit\u00e4t deines Denkens aufzuzeigen und deine Schuld, Gott zu leugnen, aufzudecken.<\/p>\n<p>Es gibt einen Grund, warum du die Existenz Gottes anzweifelst und es hat nichts mit Beweisen zu tun. Ich kann es dir zeigen: Was war deine erste Reaktion, als dir der Gottesbeweis auf dieser Webseite pr\u00e4sentiert wurde? Dachtest du, dass du weiterhin Gott verleugnen kannst, weil du zwar kein Wissenschaftler oder Philosoph bist, aber sicherlich \u201eirgendwo, igendwann ein Philosoph oder Wissenschaftler eine M\u00f6glichkeit finden wird, Wahrheit, Wissen und Logik ohne Gott zu erkl\u00e4ren?\u201c Hast du selbst versucht, eine alternative Erkl\u00e4rung zu finden? ODER hast du \u00fcberhaupt in Erw\u00e4gung gezogen, dass der Beweis stichhaltig ist?<\/p>\n<p>Die Hoffnung, dass es irgendwann eine alternative Erkl\u00e4rung f\u00fcr Wahrheit, Wissen und universale, abstrakte, unver\u00e4nderliche Logik au\u00dferhalb von Gott gibt, ist ein blinder Glaubenssprung oder Wunschdenken. Ist es nicht interessant, dass angebliche Nichtgl\u00e4ubige genau das Christen unterstellen?<\/p>\n<p>Bitte \u00fcberpr\u00fcfe, warum du wirklich von Gott wegl\u00e4ufst. Es ist mein Gebet, dass Gott dir die Augen \u00f6ffnet und dein Herz ver\u00e4ndert, damit du durch Seine vergebende Liebe in der Person des Jesus Christus von deiner S\u00fcnde gerettet wirst, und dass du den Frieden Gottes kennen lernst, der alle Vernunft \u00fcbersteigt.<br \/>\n<\/div>\n<hr  class=\"x-gap\" style=\"margin: 1.5em 0 0 0;\"><\/div><\/div><\/div>\n<div id=\"x-content-band-5\" class=\"x-content-band vc no-background-mobile bg-image man\" data-x-element=\"content_band\" data-x-params=\"{&quot;type&quot;:&quot;image&quot;,&quot;parallax&quot;:false}\" style=\"background-image: url(http:\/\/www.proofthatgodexists.org\/de\/wp-content\/uploads\/sites\/13\/2015\/01\/1000x100.jpg); background-color: transparent; padding-top: 0px; padding-bottom: 0px;\"><div class=\"x-container max width wpb_row\">\n<div  class=\"x-column x-sm vc x-1-1\" style=\"\"  ><img  class=\"x-img centered-image x-img-none none\" style=\"margin-top: 1.5em; margin-bottom: 1.5em;\" src=\"http:\/\/www.proofthatgodexists.org\/de\/wp-content\/uploads\/sites\/13\/2014\/12\/fish68.png\" ><\/div><\/div><\/div>\n","protected":false},"excerpt":{"rendered":"Ich glaube nicht, dass Gott existiert Danke f\u00fcr deinen Besuch! Den Glauben an Gott zu leugnen ist kein Unglaube, sondern angeblicher Unglaube \u2013 eine Art von Selbstt\u00e4uschug. Du magst zwar manches wissen, aber du kannst nichts, was du zu wissen meinst, begr\u00fcnden. Gegen Gottes Existenz zu argumentieren, ist so, als ob du gegen die Existenz von Luft argumentieren w\u00fcrdest, w\u00e4hrend ... <div><a href=\"http:\/\/www.proofthatgodexists.org\/de\/do-not-believe\/\" class=\"more-link\">Read More<\/a><\/div>","protected":false},"author":1,"featured_media":0,"parent":0,"menu_order":1023,"comment_status":"closed","ping_status":"closed","template":"template-blank-4.php","meta":[],"_links":{"self":[{"href":"http:\/\/www.proofthatgodexists.org\/de\/wp-json\/wp\/v2\/pages\/10107"}],"collection":[{"href":"http:\/\/www.proofthatgodexists.org\/de\/wp-json\/wp\/v2\/pages"}],"about":[{"href":"http:\/\/www.proofthatgodexists.org\/de\/wp-json\/wp\/v2\/types\/page"}],"author":[{"embeddable":true,"href":"http:\/\/www.proofthatgodexists.org\/de\/wp-json\/wp\/v2\/users\/1"}],"replies":[{"embeddable":true,"href":"http:\/\/www.proofthatgodexists.org\/de\/wp-json\/wp\/v2\/comments?post=10107"}],"version-history":[{"count":2,"href":"http:\/\/www.proofthatgodexists.org\/de\/wp-json\/wp\/v2\/pages\/10107\/revisions"}],"predecessor-version":[{"id":11441,"href":"http:\/\/www.proofthatgodexists.org\/de\/wp-json\/wp\/v2\/pages\/10107\/revisions\/11441"}],"wp:attachment":[{"href":"http:\/\/www.proofthatgodexists.org\/de\/wp-json\/wp\/v2\/media?parent=10107"}],"curies":[{"name":"wp","href":"https:\/\/api.w.org\/{rel}","templated":true}]}}