{"id":10042,"date":"2015-01-07T17:57:28","date_gmt":"2015-01-07T17:57:28","guid":{"rendered":"http:\/\/absoluteapologetics.com\/?page_id=10042"},"modified":"2015-07-09T15:36:46","modified_gmt":"2015-07-09T15:36:46","slug":"universal","status":"publish","type":"page","link":"http:\/\/www.proofthatgodexists.org\/de\/universal\/","title":{"rendered":"Logic &#8211; Universal?"},"content":{"rendered":"\n<div id=\"x-content-band-1\" class=\"x-content-band vc bg-image man\" data-x-element=\"content_band\" data-x-params=\"{&quot;type&quot;:&quot;image&quot;,&quot;parallax&quot;:false}\" style=\"background-image: url(http:\/\/www.proofthatgodexists.org\/de\/wp-content\/uploads\/sites\/13\/2015\/01\/1000x100.jpg); background-color: transparent; padding-top: 0px; padding-bottom: 0px;\"><div class=\"x-container wpb_row\">\n<div  class=\"x-column x-sm vc x-1-1\" style=\"\"  ><h1  class=\"h-custom-headline emboss-font h1\" style=\"margin-top: 1.9em; margin-bottom: -.35em; font-size: 75%;\"><span>\n<h1 style=\"text-align: center;\"><span style=\"color: #ff9900;\"><span style=\"color: #333333;\">Logik &#8211; Universal?<\/span><br \/>\n<\/span><\/h1>\n<\/span><\/h1><\/div><\/div><\/div>\n<div id=\"x-content-band-2\" class=\"x-content-band vc no-background-mobile bg-image man\" data-x-element=\"content_band\" data-x-params=\"{&quot;type&quot;:&quot;image&quot;,&quot;parallax&quot;:false}\" style=\"background-image: url(http:\/\/www.proofthatgodexists.org\/de\/wp-content\/uploads\/sites\/13\/2014\/12\/1000x234.jpg); background-color: transparent; padding-top: 0px; padding-bottom: 0px;\"><div class=\"x-container wpb_row\">\n<div  class=\"x-column x-sm vc x-1-1\" style=\"padding: 5px 0px;\"  ><div  class=\"x-visibility x-visible-desktop\" ><img  class=\"x-img black_bg2 x-img-none none\" style=\"position: absolute; left: 50%; width: 448px; margin-top: -3px; margin-bottom: 0px; margin-left: -224px;\" src=\"http:\/\/www.proofthatgodexists.org\/de\/wp-content\/uploads\/sites\/13\/2015\/01\/1x2.png\" ><\/div><ul  class=\"x-block-grid two-up\" style=\"margin-top: .18em; margin-left: -.5em;\"><li  class=\"x-block-grid-item\" ><a  class=\"x-img button-1 x-img-link x-img-none right\" style=\"max-width:100%;\" href=\"http:\/\/www.proofthatgodexists.org\/de\/unchanging\/\"     data-options=\"thumbnail: 'http:\/\/www.proofthatgodexists.org\/de\/wp-content\/uploads\/sites\/13\/2015\/07\/liu.png'\"><img src=\"http:\/\/www.proofthatgodexists.org\/de\/wp-content\/uploads\/sites\/13\/2015\/07\/liu.png\" alt=\"Logik ist Universal\"><\/a><\/li><li  class=\"x-block-grid-item\" ><a  class=\"x-img button-1 x-img-link x-img-none left\" style=\"max-width:100%;\" href=\"http:\/\/www.proofthatgodexists.org\/de\/relative\/\"     data-options=\"thumbnail: 'http:\/\/www.proofthatgodexists.org\/de\/wp-content\/uploads\/sites\/13\/2015\/07\/lipr.png'\"><img src=\"http:\/\/www.proofthatgodexists.org\/de\/wp-content\/uploads\/sites\/13\/2015\/07\/lipr.png\" alt=\"Logik ist personenabh\u00e4ngig\"><\/a><\/li><\/ul><\/div><\/div><\/div>\n<div id=\"x-content-band-3\" class=\"x-content-band vc bg-image man\" data-x-element=\"content_band\" data-x-params=\"{&quot;type&quot;:&quot;image&quot;,&quot;parallax&quot;:false}\" style=\"background-image: url(http:\/\/www.proofthatgodexists.org\/de\/wp-content\/uploads\/sites\/13\/2015\/01\/1000x100.jpg); background-color: transparent; padding-top: 0px; padding-bottom: 0px;\"><div class=\"x-container wpb_row\">\n<div  class=\"x-column x-sm vc x-1-1\" style=\"\"  ><h1  class=\"h-custom-headline emboss-font h1\" style=\"margin-top: 3em; margin-bottom: 4em; font-size:55%; \"><span>\n<h1 style=\"text-align: center;\"><span style=\"color: #ff9900;\"><span style=\"color: #202020;\">Was glaubst du?<\/span> <\/span><\/h1>\n<\/span><\/h1><\/div><\/div><\/div>\n<div id=\"x-content-band-4\" class=\"x-content-band vc no-background-mobile man\" style=\"background-color: transparent; padding-top: 0px; padding-bottom: 0px; height: 100%;\"><div class=\"x-container wpb_row\">\n<div  class=\"x-column x-sm vc x-1-1\" style=\"\"  ><div  class=\"x-container max width\" ><\/p>\n<p style=\"text-align: justify;\">Um diesen Schritt zu erreichen hast du zugegeben, dass es absolute Wahrheit gibt, dass du wei\u00dft, dass etwas wahr ist und dass Logik existiert. Die n\u00e4chste Frage ist die, ob du glaubst, dass Logik universell oder personenabh\u00e4ngig ist. Sind Widerspr\u00fcche nur dort ung\u00fcltig, wo du bist, weil du es so sagst, oder ist das \u00fcberall so?<\/p>\n<p><\/div>\n<hr  class=\"x-gap\" style=\"margin: 1.5em 0 0 0;\"><\/div><\/div><\/div>\n<div id=\"x-content-band-5\" class=\"x-content-band vc no-background-mobile bg-image man\" data-x-element=\"content_band\" data-x-params=\"{&quot;type&quot;:&quot;image&quot;,&quot;parallax&quot;:false}\" style=\"background-image: url(http:\/\/www.proofthatgodexists.org\/de\/wp-content\/uploads\/sites\/13\/2015\/01\/1000x100.jpg); background-color: transparent; padding-top: 0px; padding-bottom: 0px;\"><div class=\"x-container max width wpb_row\">\n<div  class=\"x-column x-sm vc x-1-1\" style=\"\"  ><img  class=\"x-img centered-image x-img-none none\" style=\"margin-top: 1.5em; margin-bottom: 1.5em;\" src=\"http:\/\/www.proofthatgodexists.org\/de\/wp-content\/uploads\/sites\/13\/2014\/12\/fish68.png\" ><\/div><\/div><\/div>\n<div id=\"x-content-band-6\" class=\"x-content-band vc\" style=\"background-color: transparent;\"><div class=\"x-container wpb_row\">\n<div  class=\"x-column x-sm vc x-1-1\" style=\"\"  ><hr  class=\"x-gap\" style=\"margin: 11em 0 0 0;\"><\/div><\/div><\/div>\n","protected":false},"excerpt":{"rendered":"Logik - Universal? Was glaubst du? Um diesen Schritt zu erreichen hast du zugegeben, dass es absolute Wahrheit gibt, dass du wei\u00dft, dass etwas wahr ist und dass Logik existiert. Die n\u00e4chste Frage ist die, ob du glaubst, dass Logik universell oder personenabh\u00e4ngig ist. Sind Widerspr\u00fcche nur dort ung\u00fcltig, wo du bist, weil du es so sagst, oder ist das ... <div><a href=\"http:\/\/www.proofthatgodexists.org\/de\/universal\/\" class=\"more-link\">Read More<\/a><\/div>","protected":false},"author":1,"featured_media":0,"parent":0,"menu_order":1012,"comment_status":"closed","ping_status":"closed","template":"template-blank-4.php","meta":[],"_links":{"self":[{"href":"http:\/\/www.proofthatgodexists.org\/de\/wp-json\/wp\/v2\/pages\/10042"}],"collection":[{"href":"http:\/\/www.proofthatgodexists.org\/de\/wp-json\/wp\/v2\/pages"}],"about":[{"href":"http:\/\/www.proofthatgodexists.org\/de\/wp-json\/wp\/v2\/types\/page"}],"author":[{"embeddable":true,"href":"http:\/\/www.proofthatgodexists.org\/de\/wp-json\/wp\/v2\/users\/1"}],"replies":[{"embeddable":true,"href":"http:\/\/www.proofthatgodexists.org\/de\/wp-json\/wp\/v2\/comments?post=10042"}],"version-history":[{"count":1,"href":"http:\/\/www.proofthatgodexists.org\/de\/wp-json\/wp\/v2\/pages\/10042\/revisions"}],"predecessor-version":[{"id":11433,"href":"http:\/\/www.proofthatgodexists.org\/de\/wp-json\/wp\/v2\/pages\/10042\/revisions\/11433"}],"wp:attachment":[{"href":"http:\/\/www.proofthatgodexists.org\/de\/wp-json\/wp\/v2\/media?parent=10042"}],"curies":[{"name":"wp","href":"https:\/\/api.w.org\/{rel}","templated":true}]}}